{"id":218320,"date":"2026-02-12T10:16:34","date_gmt":"2026-02-12T10:16:34","guid":{"rendered":"https:\/\/fogo.nowestronyinternetowe.pl\/product\/f0196-0683\/"},"modified":"2026-02-01T17:07:37","modified_gmt":"2026-02-01T17:07:37","slug":"f0196-0683","status":"publish","type":"product","link":"https:\/\/fogo-engines.com\/pl\/product\/f0196-0683\/","title":{"rendered":"F0196-0683"},"content":{"rendered":"","protected":false},"featured_media":0,"template":"","class_list":["post-218320","product","type-product","status-publish","hentry"],"acf":[],"meta_box":{"engine_model":"F0196-0683","Number_of_cylinders":"6","configuration":"Pionowy, rz\u0119dowy","aspiration":"Turbodo\u0142adowany z ch\u0142odnic\u0105 mi\u0119dzystopniow\u0105","combustion_system":"Wtrysk bezpo\u015bredni","compression_ratio":"14:1","bore_mm":"152","stroke_mm":"180","displacement_l":"19.6","rotation":"Przeciwnie do ruchu wskaz\u00f3wek zegara (patrz\u0105c od strony ko\u0142a zamachowego)","fuel_system":"Elektroniczne pompowtryskiwacze","governor":"Elektroniczny","stability_at_constant_load_iso_8528_5_class_g3":"\u2264 +\/- 0.5 %","5060Hzswitchableoperation":"NO","Electricsystemnegativeground":"24V","tropical_radiator_mounted_on_the_engine":"Temperatura otoczenia 50\u00b0C","flywheel_housing_flywheel":"SAE1 \/14\"","lubrication_oil_capacity_l":"56","coolant_capacity_l":"130","emission_class":"Stage III","gross_engine_output_50hz_prp_kwm":"605","gross_engine_output_50hz_esp_kwm":"665","typical_generator_output_50hz_prp_kwe":"550","typical_generator_output_50hz_prp_kva":"688","typical_generator_output_50hz_esp_kva":"750","hvo_synthetic_fuel_acceptance":"Akceptacja paliwa syntetycznego HVO","fuel_consumption_standby_esp_g_kwh":"167.1","fuel_consumption_standby_esp_l_h":"167.1","fuel_consumption_prime_prp_g_kwh":"203.5","fuel_consumption_prime_prp_l_h":"147.5","fuel_consumption_75_prp_prime_g_kwh":"200.2","fuel_consumption_75_prp_prime_l_h":"108.8","fuel_consumption_50_prp_prime_g_kwh":"202.8","fuel_consumption_50_prp_prime_l_h":"73.5","Mainfeatures":"<p>\u2713 Kompaktowa konstrukcja<br>\u2713 Wysoka g\u0119sto\u015b\u0107 mocy<br>\u2713 Trwa\u0142o\u015b\u0107<br>\u2713 \u0141atwy serwis i konserwacja<br>\u2713 Niskie zu\u017cycie paliwa<br>\u2713 Szeroki wyb\u00f3r wyposa\u017cenia opcjonalnego<br>\u2713 Niski poziom ha\u0142asu<br>\u2713 Dostosowany uk\u0142ad ch\u0142odzenia<\/p>\n","standard_scope_of_supply":"<p>\u2713 \u017beliwny blok cylindr\u00f3w z oddzieln\u0105 \u017celiwn\u0105 g\u0142owic\u0105<br>\u2713 T\u0142oki ze stopu aluminium z galeryjnym ch\u0142odzeniem oleju<br>\u2713 Automatyczny napinacz paska, podno\u015bniki, sta\u0142e zawieszenie przednie<br>\u2713 Ch\u0142odnica z mechanicznym wentylatorem popychacza, sterowana termostatycznie<br>\u2713 Miska olejowa o du\u017cej pojemno\u015bci, obrotowy filtr oleju o pe\u0142nym przep\u0142ywie, bagnet oleju<br>\u2713 Elektroniczne pompowtryskiwacze, elektroniczny regulator<br>\u2713 Podw\u00f3jny dok\u0142adny filtr paliwa z separatorem wody<br>\u2713 Podgrzewacz wlotu powietrza<br>\u2713 Turbospr\u0119\u017carka montowana na ko\u0144cu<br>\u2713 Filtr powietrza montowany na g\u00f3rze ze wska\u017anikiem oporu<br>\u2713 Instalacja elektryczna 24 V DC z dwoma rozrusznikami 7.5kW ka\u017cdy<br>\u2713 Alternator \u0142aduj\u0105cy 55A<br>\u2713 Izolowany termicznie kolektor wydechowy<\/p>\n","length_mm":"2257","width_mm":"1585","height_mm":"1801","weight_kg":"2630","main_image":{"width":150,"height":150,"file":"2025\/12\/D750R3-EP-TA-620_1.png","filesize":1188213,"sizes":{"medium":{"file":"D750R3-EP-TA-620_1-300x211.png","width":300,"height":211,"mime-type":"image\/png","filesize":47856,"url":"https:\/\/fogo-engines.com\/wp-content\/uploads\/2025\/12\/D750R3-EP-TA-620_1-300x211.png"},"large":{"file":"D750R3-EP-TA-620_1-1024x720.png","width":1024,"height":720,"mime-type":"image\/png","filesize":433899,"url":"https:\/\/fogo-engines.com\/wp-content\/uploads\/2025\/12\/D750R3-EP-TA-620_1-1024x720.png"},"thumbnail":{"file":"D750R3-EP-TA-620_1-150x150.png","width":150,"height":150,"mime-type":"image\/png","filesize":23381,"url":"https:\/\/fogo-engines.com\/wp-content\/uploads\/2025\/12\/D750R3-EP-TA-620_1-150x150.png"},"medium_large":{"file":"D750R3-EP-TA-620_1-768x540.png","width":768,"height":540,"mime-type":"image\/png","filesize":255707,"url":"https:\/\/fogo-engines.com\/wp-content\/uploads\/2025\/12\/D750R3-EP-TA-620_1-768x540.png"},"1536x1536":{"file":"D750R3-EP-TA-620_1-1536x1080.png","width":1536,"height":1080,"mime-type":"image\/png","filesize":876648,"url":"https:\/\/fogo-engines.com\/wp-content\/uploads\/2025\/12\/D750R3-EP-TA-620_1-1536x1080.png"}},"image_meta":{"aperture":"0","credit":"","camera":"","caption":"","created_timestamp":"0","copyright":"","focal_length":"0","iso":"0","shutter_speed":"0","title":"","orientation":"0","keywords":[]},"ID":"217859","name":"D750R3-EP-TA-620_1.png","path":"\/autoinstalator\/wordpress\/wp-content\/uploads\/2025\/12\/D750R3-EP-TA-620_1.png","url":"https:\/\/fogo-engines.com\/wp-content\/uploads\/2025\/12\/D750R3-EP-TA-620_1-150x150.png","full_url":"https:\/\/fogo-engines.com\/wp-content\/uploads\/2025\/12\/D750R3-EP-TA-620_1.png","title":"D750R3-EP-TA-620_1.png","caption":"","description":"","alt":"","srcset":false},"dimension":{"width":150,"height":150,"file":"2026\/02\/dimension-single_transparent-1.png","filesize":563704,"sizes":{"medium":{"file":"dimension-single_transparent-1-300x134.png","width":300,"height":134,"mime-type":"image\/png","filesize":58467,"url":"https:\/\/fogo-engines.com\/wp-content\/uploads\/2026\/02\/dimension-single_transparent-1-300x134.png"},"large":{"file":"dimension-single_transparent-1-1024x456.png","width":1024,"height":456,"mime-type":"image\/png","filesize":456208,"url":"https:\/\/fogo-engines.com\/wp-content\/uploads\/2026\/02\/dimension-single_transparent-1-1024x456.png"},"thumbnail":{"file":"dimension-single_transparent-1-150x150.png","width":150,"height":150,"mime-type":"image\/png","filesize":35095,"url":"https:\/\/fogo-engines.com\/wp-content\/uploads\/2026\/02\/dimension-single_transparent-1-150x150.png"},"medium_large":{"file":"dimension-single_transparent-1-768x342.png","width":768,"height":342,"mime-type":"image\/png","filesize":287076,"url":"https:\/\/fogo-engines.com\/wp-content\/uploads\/2026\/02\/dimension-single_transparent-1-768x342.png"}},"image_meta":{"aperture":"0","credit":"","camera":"","caption":"","created_timestamp":"0","copyright":"","focal_length":"0","iso":"0","shutter_speed":"0","title":"","orientation":"0","keywords":[]},"ID":"218599","name":"dimension-single_transparent-1.png","path":"\/autoinstalator\/wordpress\/wp-content\/uploads\/2026\/02\/dimension-single_transparent-1.png","url":"https:\/\/fogo-engines.com\/wp-content\/uploads\/2026\/02\/dimension-single_transparent-1-150x150.png","full_url":"https:\/\/fogo-engines.com\/wp-content\/uploads\/2026\/02\/dimension-single_transparent-1.png","title":"dimension-single_transparent-1.png","caption":"","description":"","alt":"","srcset":false},"emission_class_filter":"3","fuel":"Diesel","gallery":[{"width":150,"height":150,"file":"2025\/12\/D750R3-EP-TA-620_1.png","filesize":1188213,"sizes":{"medium":{"file":"D750R3-EP-TA-620_1-300x211.png","width":300,"height":211,"mime-type":"image\/png","filesize":47856,"url":"https:\/\/fogo-engines.com\/wp-content\/uploads\/2025\/12\/D750R3-EP-TA-620_1-300x211.png"},"large":{"file":"D750R3-EP-TA-620_1-1024x720.png","width":1024,"height":720,"mime-type":"image\/png","filesize":433899,"url":"https:\/\/fogo-engines.com\/wp-content\/uploads\/2025\/12\/D750R3-EP-TA-620_1-1024x720.png"},"thumbnail":{"file":"D750R3-EP-TA-620_1-150x150.png","width":150,"height":150,"mime-type":"image\/png","filesize":23381,"url":"https:\/\/fogo-engines.com\/wp-content\/uploads\/2025\/12\/D750R3-EP-TA-620_1-150x150.png"},"medium_large":{"file":"D750R3-EP-TA-620_1-768x540.png","width":768,"height":540,"mime-type":"image\/png","filesize":255707,"url":"https:\/\/fogo-engines.com\/wp-content\/uploads\/2025\/12\/D750R3-EP-TA-620_1-768x540.png"},"1536x1536":{"file":"D750R3-EP-TA-620_1-1536x1080.png","width":1536,"height":1080,"mime-type":"image\/png","filesize":876648,"url":"https:\/\/fogo-engines.com\/wp-content\/uploads\/2025\/12\/D750R3-EP-TA-620_1-1536x1080.png"}},"image_meta":{"aperture":"0","credit":"","camera":"","caption":"","created_timestamp":"0","copyright":"","focal_length":"0","iso":"0","shutter_speed":"0","title":"","orientation":"0","keywords":[]},"ID":"217859","name":"D750R3-EP-TA-620_1.png","path":"\/autoinstalator\/wordpress\/wp-content\/uploads\/2025\/12\/D750R3-EP-TA-620_1.png","url":"https:\/\/fogo-engines.com\/wp-content\/uploads\/2025\/12\/D750R3-EP-TA-620_1-150x150.png","full_url":"https:\/\/fogo-engines.com\/wp-content\/uploads\/2025\/12\/D750R3-EP-TA-620_1.png","title":"D750R3-EP-TA-620_1.png","caption":"","description":"","alt":"","srcset":false},{"width":150,"height":150,"file":"2025\/12\/D750R3-EP-TA-620_2.png","filesize":1035967,"sizes":{"medium":{"file":"D750R3-EP-TA-620_2-300x211.png","width":300,"height":211,"mime-type":"image\/png","filesize":46029,"url":"https:\/\/fogo-engines.com\/wp-content\/uploads\/2025\/12\/D750R3-EP-TA-620_2-300x211.png"},"large":{"file":"D750R3-EP-TA-620_2-1024x720.png","width":1024,"height":720,"mime-type":"image\/png","filesize":414100,"url":"https:\/\/fogo-engines.com\/wp-content\/uploads\/2025\/12\/D750R3-EP-TA-620_2-1024x720.png"},"thumbnail":{"file":"D750R3-EP-TA-620_2-150x150.png","width":150,"height":150,"mime-type":"image\/png","filesize":23673,"url":"https:\/\/fogo-engines.com\/wp-content\/uploads\/2025\/12\/D750R3-EP-TA-620_2-150x150.png"},"medium_large":{"file":"D750R3-EP-TA-620_2-768x540.png","width":768,"height":540,"mime-type":"image\/png","filesize":249571,"url":"https:\/\/fogo-engines.com\/wp-content\/uploads\/2025\/12\/D750R3-EP-TA-620_2-768x540.png"},"1536x1536":{"file":"D750R3-EP-TA-620_2-1536x1080.png","width":1536,"height":1080,"mime-type":"image\/png","filesize":795875,"url":"https:\/\/fogo-engines.com\/wp-content\/uploads\/2025\/12\/D750R3-EP-TA-620_2-1536x1080.png"}},"image_meta":{"aperture":"0","credit":"","camera":"","caption":"","created_timestamp":"0","copyright":"","focal_length":"0","iso":"0","shutter_speed":"0","title":"","orientation":"0","keywords":[]},"ID":"217861","name":"D750R3-EP-TA-620_2.png","path":"\/autoinstalator\/wordpress\/wp-content\/uploads\/2025\/12\/D750R3-EP-TA-620_2.png","url":"https:\/\/fogo-engines.com\/wp-content\/uploads\/2025\/12\/D750R3-EP-TA-620_2-150x150.png","full_url":"https:\/\/fogo-engines.com\/wp-content\/uploads\/2025\/12\/D750R3-EP-TA-620_2.png","title":"D750R3-EP-TA-620_2.png","caption":"","description":"","alt":"","srcset":false},{"width":150,"height":150,"file":"2025\/12\/D750R3-EP-TA-620_3.png","filesize":1439152,"sizes":{"medium":{"file":"D750R3-EP-TA-620_3-300x211.png","width":300,"height":211,"mime-type":"image\/png","filesize":56356,"url":"https:\/\/fogo-engines.com\/wp-content\/uploads\/2025\/12\/D750R3-EP-TA-620_3-300x211.png"},"large":{"file":"D750R3-EP-TA-620_3-1024x720.png","width":1024,"height":720,"mime-type":"image\/png","filesize":535715,"url":"https:\/\/fogo-engines.com\/wp-content\/uploads\/2025\/12\/D750R3-EP-TA-620_3-1024x720.png"},"thumbnail":{"file":"D750R3-EP-TA-620_3-150x150.png","width":150,"height":150,"mime-type":"image\/png","filesize":27018,"url":"https:\/\/fogo-engines.com\/wp-content\/uploads\/2025\/12\/D750R3-EP-TA-620_3-150x150.png"},"medium_large":{"file":"D750R3-EP-TA-620_3-768x540.png","width":768,"height":540,"mime-type":"image\/png","filesize":313883,"url":"https:\/\/fogo-engines.com\/wp-content\/uploads\/2025\/12\/D750R3-EP-TA-620_3-768x540.png"},"1536x1536":{"file":"D750R3-EP-TA-620_3-1536x1080.png","width":1536,"height":1080,"mime-type":"image\/png","filesize":1086883,"url":"https:\/\/fogo-engines.com\/wp-content\/uploads\/2025\/12\/D750R3-EP-TA-620_3-1536x1080.png"}},"image_meta":{"aperture":"0","credit":"","camera":"","caption":"","created_timestamp":"0","copyright":"","focal_length":"0","iso":"0","shutter_speed":"0","title":"","orientation":"0","keywords":[]},"ID":"217863","name":"D750R3-EP-TA-620_3.png","path":"\/autoinstalator\/wordpress\/wp-content\/uploads\/2025\/12\/D750R3-EP-TA-620_3.png","url":"https:\/\/fogo-engines.com\/wp-content\/uploads\/2025\/12\/D750R3-EP-TA-620_3-150x150.png","full_url":"https:\/\/fogo-engines.com\/wp-content\/uploads\/2025\/12\/D750R3-EP-TA-620_3.png","title":"D750R3-EP-TA-620_3.png","caption":"","description":"","alt":"","srcset":false},{"width":150,"height":150,"file":"2025\/12\/D750R3-EP-TA-620_4.png","filesize":1469234,"sizes":{"medium":{"file":"D750R3-EP-TA-620_4-300x211.png","width":300,"height":211,"mime-type":"image\/png","filesize":60033,"url":"https:\/\/fogo-engines.com\/wp-content\/uploads\/2025\/12\/D750R3-EP-TA-620_4-300x211.png"},"large":{"file":"D750R3-EP-TA-620_4-1024x720.png","width":1024,"height":720,"mime-type":"image\/png","filesize":549485,"url":"https:\/\/fogo-engines.com\/wp-content\/uploads\/2025\/12\/D750R3-EP-TA-620_4-1024x720.png"},"thumbnail":{"file":"D750R3-EP-TA-620_4-150x150.png","width":150,"height":150,"mime-type":"image\/png","filesize":27991,"url":"https:\/\/fogo-engines.com\/wp-content\/uploads\/2025\/12\/D750R3-EP-TA-620_4-150x150.png"},"medium_large":{"file":"D750R3-EP-TA-620_4-768x540.png","width":768,"height":540,"mime-type":"image\/png","filesize":322349,"url":"https:\/\/fogo-engines.com\/wp-content\/uploads\/2025\/12\/D750R3-EP-TA-620_4-768x540.png"},"1536x1536":{"file":"D750R3-EP-TA-620_4-1536x1080.png","width":1536,"height":1080,"mime-type":"image\/png","filesize":1115492,"url":"https:\/\/fogo-engines.com\/wp-content\/uploads\/2025\/12\/D750R3-EP-TA-620_4-1536x1080.png"}},"image_meta":{"aperture":"0","credit":"","camera":"","caption":"","created_timestamp":"0","copyright":"","focal_length":"0","iso":"0","shutter_speed":"0","title":"","orientation":"0","keywords":[]},"ID":"217865","name":"D750R3-EP-TA-620_4.png","path":"\/autoinstalator\/wordpress\/wp-content\/uploads\/2025\/12\/D750R3-EP-TA-620_4.png","url":"https:\/\/fogo-engines.com\/wp-content\/uploads\/2025\/12\/D750R3-EP-TA-620_4-150x150.png","full_url":"https:\/\/fogo-engines.com\/wp-content\/uploads\/2025\/12\/D750R3-EP-TA-620_4.png","title":"D750R3-EP-TA-620_4.png","caption":"","description":"","alt":"","srcset":false}],"description":"Zaprojektowany z my\u015bl\u0105 o najwy\u017cszej wydajno\u015bci, model F0196-0683 dostarcza 550 kWe mocy podstawowej, wykorzystuj\u0105c zaawansowan\u0105 technologi\u0119 turbodo\u0142adowania. Ten 6-cylindrowy silnik diesla o pojemno\u015bci 19,6 L \u0142\u0105czy wysok\u0105 sprawno\u015b\u0107 z solidn\u0105 konstrukcj\u0105, spe\u0142niaj\u0105c wymagaj\u0105ce potrzeby w zakresie wytwarzania energii.","pdf":"https:\/\/fogo-engines.com\/wp-content\/uploads\/2026\/02\/F0196-0683.pdf","pdf_pl":"https:\/\/fogo-engines.com\/wp-content\/uploads\/2026\/02\/F0196-0683-PL.pdf","dcp":""},"_links":{"self":[{"href":"https:\/\/fogo-engines.com\/pl\/wp-json\/wp\/v2\/product\/218320","targetHints":{"allow":["GET"]}}],"collection":[{"href":"https:\/\/fogo-engines.com\/pl\/wp-json\/wp\/v2\/product"}],"about":[{"href":"https:\/\/fogo-engines.com\/pl\/wp-json\/wp\/v2\/types\/product"}],"wp:attachment":[{"href":"https:\/\/fogo-engines.com\/pl\/wp-json\/wp\/v2\/media?parent=218320"}],"curies":[{"name":"wp","href":"https:\/\/api.w.org\/{rel}","templated":true}]}}