{"id":218338,"date":"2026-01-10T21:13:13","date_gmt":"2026-01-10T21:13:13","guid":{"rendered":"https:\/\/fogo.nowestronyinternetowe.pl\/product\/f0075-0235\/"},"modified":"2026-01-11T10:23:10","modified_gmt":"2026-01-11T10:23:10","slug":"f0075-0235","status":"publish","type":"product","link":"https:\/\/fogo-engines.com\/pl\/product\/f0075-0235\/","title":{"rendered":"F0075-0235"},"content":{"rendered":"","protected":false},"featured_media":0,"template":"","class_list":["post-218338","product","type-product","status-publish","hentry"],"acf":[],"meta_box":{"engine_model":"F0075-0235","Number_of_cylinders":"6","configuration":"Pionowy, rz\u0119dowy","aspiration":"Turbodo\u0142adowany, z ch\u0142odnic\u0105 powietrze\/powietrze","combustion_system":"Wtrysk bezpo\u015bredni","compression_ratio":"","bore_mm":"","stroke_mm":"","displacement_l":"","rotation":"","fuel_system":"","governor":"ECU","stability_at_constant_load_iso_8528_5_class_g3":"","5060Hzswitchableoperation":"YES","Electricsystemnegativeground":"24V","tropical_radiator_mounted_on_the_engine":"","flywheel_housing_flywheel":"SAE1\/14\"","lubrication_oil_capacity_l":"","coolant_capacity_l":"","emission_class":"EU Stage V","gross_engine_output_50hz_prp_kwm":"210","gross_engine_output_50hz_esp_kwm":"231","typical_generator_output_50hz_prp_kwe":"184","typical_generator_output_50hz_prp_kva":"230","typical_generator_output_50hz_esp_kva":"250","hvo_synthetic_fuel_acceptance":"","fuel_consumption_standby_esp_g_kwh":"","fuel_consumption_standby_esp_l_h":"","fuel_consumption_prime_prp_g_kwh":"","fuel_consumption_prime_prp_l_h":"","fuel_consumption_75_prp_prime_g_kwh":"","fuel_consumption_75_prp_prime_l_h":"","fuel_consumption_50_prp_prime_g_kwh":"","fuel_consumption_50_prp_prime_l_h":"","Mainfeatures":"","standard_scope_of_supply":"","length_mm":"","width_mm":"","height_mm":"","weight_kg":"","main_image":{"width":150,"height":150,"file":"2025\/12\/blank2.png","filesize":513435,"sizes":{"medium":{"file":"blank2-300x211.png","width":300,"height":211,"mime-type":"image\/png","filesize":35445,"url":"https:\/\/fogo-engines.com\/wp-content\/uploads\/2025\/12\/blank2-300x211.png"},"large":{"file":"blank2-1024x720.png","width":1024,"height":720,"mime-type":"image\/png","filesize":245410,"url":"https:\/\/fogo-engines.com\/wp-content\/uploads\/2025\/12\/blank2-1024x720.png"},"thumbnail":{"file":"blank2-150x150.png","width":150,"height":150,"mime-type":"image\/png","filesize":17208,"url":"https:\/\/fogo-engines.com\/wp-content\/uploads\/2025\/12\/blank2-150x150.png"},"medium_large":{"file":"blank2-768x540.png","width":768,"height":540,"mime-type":"image\/png","filesize":157565,"url":"https:\/\/fogo-engines.com\/wp-content\/uploads\/2025\/12\/blank2-768x540.png"},"1536x1536":{"file":"blank2-1536x1080.png","width":1536,"height":1080,"mime-type":"image\/png","filesize":451503,"url":"https:\/\/fogo-engines.com\/wp-content\/uploads\/2025\/12\/blank2-1536x1080.png"}},"image_meta":{"aperture":"0","credit":"","camera":"","caption":"","created_timestamp":"0","copyright":"","focal_length":"0","iso":"0","shutter_speed":"0","title":"","orientation":"0","keywords":[]},"ID":"217957","name":"blank2.png","path":"\/autoinstalator\/wordpress\/wp-content\/uploads\/2025\/12\/blank2.png","url":"https:\/\/fogo-engines.com\/wp-content\/uploads\/2025\/12\/blank2-150x150.png","full_url":"https:\/\/fogo-engines.com\/wp-content\/uploads\/2025\/12\/blank2.png","title":"blank2.png","caption":"","description":"","alt":"","srcset":false},"dimension":false,"emission_class_filter":"5","fuel":"Diesel","gallery":[{"width":150,"height":150,"file":"2025\/12\/blank2.png","filesize":513435,"sizes":{"medium":{"file":"blank2-300x211.png","width":300,"height":211,"mime-type":"image\/png","filesize":35445,"url":"https:\/\/fogo-engines.com\/wp-content\/uploads\/2025\/12\/blank2-300x211.png"},"large":{"file":"blank2-1024x720.png","width":1024,"height":720,"mime-type":"image\/png","filesize":245410,"url":"https:\/\/fogo-engines.com\/wp-content\/uploads\/2025\/12\/blank2-1024x720.png"},"thumbnail":{"file":"blank2-150x150.png","width":150,"height":150,"mime-type":"image\/png","filesize":17208,"url":"https:\/\/fogo-engines.com\/wp-content\/uploads\/2025\/12\/blank2-150x150.png"},"medium_large":{"file":"blank2-768x540.png","width":768,"height":540,"mime-type":"image\/png","filesize":157565,"url":"https:\/\/fogo-engines.com\/wp-content\/uploads\/2025\/12\/blank2-768x540.png"},"1536x1536":{"file":"blank2-1536x1080.png","width":1536,"height":1080,"mime-type":"image\/png","filesize":451503,"url":"https:\/\/fogo-engines.com\/wp-content\/uploads\/2025\/12\/blank2-1536x1080.png"}},"image_meta":{"aperture":"0","credit":"","camera":"","caption":"","created_timestamp":"0","copyright":"","focal_length":"0","iso":"0","shutter_speed":"0","title":"","orientation":"0","keywords":[]},"ID":"217957","name":"blank2.png","path":"\/autoinstalator\/wordpress\/wp-content\/uploads\/2025\/12\/blank2.png","url":"https:\/\/fogo-engines.com\/wp-content\/uploads\/2025\/12\/blank2-150x150.png","full_url":"https:\/\/fogo-engines.com\/wp-content\/uploads\/2025\/12\/blank2.png","title":"blank2.png","caption":"","description":"","alt":"","srcset":false}],"description":"Zaprojektowany z my\u015bl\u0105 o doskona\u0142ej wydajno\u015bci, model F0075-0235 zapewnia moc 184 kWe dzi\u0119ki zaawansowanej technologii turbodo\u0142adowania. Ten 6-cylindrowy silnik wysokopr\u0119\u017cny 7.5 LL \u0142\u0105czy w sobie wysok\u0105 wydajno\u015b\u0107 z solidn\u0105 konstrukcj\u0105 dla wymagaj\u0105cych potrzeb wytwarzania energii.","pdf":"","pdf_pl":"","dcp":""},"_links":{"self":[{"href":"https:\/\/fogo-engines.com\/pl\/wp-json\/wp\/v2\/product\/218338","targetHints":{"allow":["GET"]}}],"collection":[{"href":"https:\/\/fogo-engines.com\/pl\/wp-json\/wp\/v2\/product"}],"about":[{"href":"https:\/\/fogo-engines.com\/pl\/wp-json\/wp\/v2\/types\/product"}],"wp:attachment":[{"href":"https:\/\/fogo-engines.com\/pl\/wp-json\/wp\/v2\/media?parent=218338"}],"curies":[{"name":"wp","href":"https:\/\/api.w.org\/{rel}","templated":true}]}}