{"id":218344,"date":"2026-02-12T10:16:40","date_gmt":"2026-02-12T10:16:40","guid":{"rendered":"https:\/\/fogo.nowestronyinternetowe.pl\/product\/f0392-1253\/"},"modified":"2026-02-01T17:07:08","modified_gmt":"2026-02-01T17:07:08","slug":"f0392-1253","status":"publish","type":"product","link":"https:\/\/fogo-engines.com\/pl\/product\/f0392-1253\/","title":{"rendered":"F0392-1253"},"content":{"rendered":"","protected":false},"featured_media":0,"template":"","class_list":["post-218344","product","type-product","status-publish","hentry"],"acf":[],"meta_box":{"engine_model":"F0392-1253","Number_of_cylinders":"12","configuration":"V, 90\u00b0","aspiration":"Turbodo\u0142adowany z ch\u0142odnic\u0105 powietrze-woda","combustion_system":"Wtrysk bezpo\u015bredni","compression_ratio":"14:1","bore_mm":"152","stroke_mm":"180","displacement_l":"39.2","rotation":"Przeciwnie do ruchu wskaz\u00f3wek zegara (patrz\u0105c od strony ko\u0142a zamachowego)","fuel_system":"Common Rail wysokiego ci\u015bnienia","governor":"ECU","stability_at_constant_load_iso_8528_5_class_g3":"\u2264 +\/- 0.5 %","5060Hzswitchableoperation":"NO","Electricsystemnegativeground":"24V","tropical_radiator_mounted_on_the_engine":"Temperatura otoczenia 50\u00b0C","flywheel_housing_flywheel":"SAE0 \/18\u201d","lubrication_oil_capacity_l":"215","coolant_capacity_l":"485","emission_class":"Stage III","gross_engine_output_50hz_prp_kwm":"1120","gross_engine_output_50hz_esp_kwm":"1230","typical_generator_output_50hz_prp_kwe":"1000","typical_generator_output_50hz_prp_kva":"1250","typical_generator_output_50hz_esp_kva":"1375","hvo_synthetic_fuel_acceptance":"Akceptacja paliwa syntetycznego HVO","fuel_consumption_standby_esp_g_kwh":"291.1","fuel_consumption_standby_esp_l_h":"291.1","fuel_consumption_prime_prp_g_kwh":"194.5","fuel_consumption_prime_prp_l_h":"260.7","fuel_consumption_75_prp_prime_g_kwh":"190.9","fuel_consumption_75_prp_prime_l_h":"192.2","fuel_consumption_50_prp_prime_g_kwh":"194.2","fuel_consumption_50_prp_prime_l_h":"130.2","Mainfeatures":"<p>\u2713 Kompaktowa konstrukcja<br>\u2713 Dobra g\u0119sto\u015b\u0107 mocy<br>\u2713 Dobra akceptacja obci\u0105\u017cenia<br>\u2713 Trwa\u0142o\u015b\u0107<br>\u2713 \u0141atwa obs\u0142uga i konserwacja<br>\u2713 Niskie zu\u017cycie paliwa<br>\u2713 Szeroki wyb\u00f3r wyposa\u017cenia opcjonalnego<br>\u2713 Niski poziom ha\u0142asu<br>\u2713 Dostosowany zestaw ch\u0142odz\u0105cy<\/p>\n","standard_scope_of_supply":"<p>\u2713 \u017beliwny blok cylindr\u00f3w i oddzielne \u017celiwne g\u0142owice cylindr\u00f3w<br>\u2713 T\u0142oki ze stopu aluminium z galeryjnym ch\u0142odzeniem oleju<br>\u2713 Automatyczny napinacz paska, podno\u015bniki, sta\u0142e zawieszenie przednie i tylne \u2713 Ch\u0142odnica z mechanicznym wentylatorem popychacza tylne zawieszenie<br>\u2713 Ch\u0142odnica z mechanicznym wentylatorem popychacza, sterowana termostatycznie<br>\u2713 Miska olejowa o du\u017cej pojemno\u015bci, obrotowy filtr oleju o pe\u0142nym przep\u0142ywie, bagnet oleju<br>\u2713 Wysokoci\u015bnieniowa szyna common rail<br>\u2713 Zarz\u0105dzanie\/monitorowanie ECU<br>\u2713 Podw\u00f3jny dok\u0142adny filtr paliwa z separatorem wody<br>\u2713 Podgrzewacz wlotu powietrza<br>\u2713 Turbospr\u0119\u017carki montowane z ty\u0142u<br>\u2713 Filtry powietrza montowane od g\u00f3ry\/od boku ze wska\u017anikiem ograniczenia<br>\u2713 Uk\u0142ad elektryczny 24 V DC z dwoma rozrusznikami 8.5kW ka\u017cdy<br>\u2713 Alternator \u0142aduj\u0105cy 55A<br>\u2713 Izolowany termicznie kolektor wydechowy<\/p>\n","length_mm":"3230","width_mm":"1990","height_mm":"2160","weight_kg":"5440","main_image":{"width":150,"height":150,"file":"2025\/12\/D1375V3-CR-TA-1240_1.png","filesize":1356054,"sizes":{"medium":{"file":"D1375V3-CR-TA-1240_1-300x211.png","width":300,"height":211,"mime-type":"image\/png","filesize":49183,"url":"https:\/\/fogo-engines.com\/wp-content\/uploads\/2025\/12\/D1375V3-CR-TA-1240_1-300x211.png"},"large":{"file":"D1375V3-CR-TA-1240_1-1024x720.png","width":1024,"height":720,"mime-type":"image\/png","filesize":469735,"url":"https:\/\/fogo-engines.com\/wp-content\/uploads\/2025\/12\/D1375V3-CR-TA-1240_1-1024x720.png"},"thumbnail":{"file":"D1375V3-CR-TA-1240_1-150x150.png","width":150,"height":150,"mime-type":"image\/png","filesize":23852,"url":"https:\/\/fogo-engines.com\/wp-content\/uploads\/2025\/12\/D1375V3-CR-TA-1240_1-150x150.png"},"medium_large":{"file":"D1375V3-CR-TA-1240_1-768x540.png","width":768,"height":540,"mime-type":"image\/png","filesize":269901,"url":"https:\/\/fogo-engines.com\/wp-content\/uploads\/2025\/12\/D1375V3-CR-TA-1240_1-768x540.png"},"1536x1536":{"file":"D1375V3-CR-TA-1240_1-1536x1080.png","width":1536,"height":1080,"mime-type":"image\/png","filesize":988439,"url":"https:\/\/fogo-engines.com\/wp-content\/uploads\/2025\/12\/D1375V3-CR-TA-1240_1-1536x1080.png"}},"image_meta":{"aperture":"0","credit":"","camera":"","caption":"","created_timestamp":"0","copyright":"","focal_length":"0","iso":"0","shutter_speed":"0","title":"","orientation":"0","keywords":[]},"ID":"217898","name":"D1375V3-CR-TA-1240_1.png","path":"\/autoinstalator\/wordpress\/wp-content\/uploads\/2025\/12\/D1375V3-CR-TA-1240_1.png","url":"https:\/\/fogo-engines.com\/wp-content\/uploads\/2025\/12\/D1375V3-CR-TA-1240_1-150x150.png","full_url":"https:\/\/fogo-engines.com\/wp-content\/uploads\/2025\/12\/D1375V3-CR-TA-1240_1.png","title":"D1375V3-CR-TA-1240_1.png","caption":"","description":"","alt":"","srcset":false},"dimension":{"width":150,"height":150,"file":"2026\/02\/dimension-single_transparent-1.png","filesize":563704,"sizes":{"medium":{"file":"dimension-single_transparent-1-300x134.png","width":300,"height":134,"mime-type":"image\/png","filesize":58467,"url":"https:\/\/fogo-engines.com\/wp-content\/uploads\/2026\/02\/dimension-single_transparent-1-300x134.png"},"large":{"file":"dimension-single_transparent-1-1024x456.png","width":1024,"height":456,"mime-type":"image\/png","filesize":456208,"url":"https:\/\/fogo-engines.com\/wp-content\/uploads\/2026\/02\/dimension-single_transparent-1-1024x456.png"},"thumbnail":{"file":"dimension-single_transparent-1-150x150.png","width":150,"height":150,"mime-type":"image\/png","filesize":35095,"url":"https:\/\/fogo-engines.com\/wp-content\/uploads\/2026\/02\/dimension-single_transparent-1-150x150.png"},"medium_large":{"file":"dimension-single_transparent-1-768x342.png","width":768,"height":342,"mime-type":"image\/png","filesize":287076,"url":"https:\/\/fogo-engines.com\/wp-content\/uploads\/2026\/02\/dimension-single_transparent-1-768x342.png"}},"image_meta":{"aperture":"0","credit":"","camera":"","caption":"","created_timestamp":"0","copyright":"","focal_length":"0","iso":"0","shutter_speed":"0","title":"","orientation":"0","keywords":[]},"ID":"218599","name":"dimension-single_transparent-1.png","path":"\/autoinstalator\/wordpress\/wp-content\/uploads\/2026\/02\/dimension-single_transparent-1.png","url":"https:\/\/fogo-engines.com\/wp-content\/uploads\/2026\/02\/dimension-single_transparent-1-150x150.png","full_url":"https:\/\/fogo-engines.com\/wp-content\/uploads\/2026\/02\/dimension-single_transparent-1.png","title":"dimension-single_transparent-1.png","caption":"","description":"","alt":"","srcset":false},"emission_class_filter":"3","fuel":"Diesel","gallery":[{"width":150,"height":150,"file":"2025\/12\/D1375V3-CR-TA-1240_1.png","filesize":1356054,"sizes":{"medium":{"file":"D1375V3-CR-TA-1240_1-300x211.png","width":300,"height":211,"mime-type":"image\/png","filesize":49183,"url":"https:\/\/fogo-engines.com\/wp-content\/uploads\/2025\/12\/D1375V3-CR-TA-1240_1-300x211.png"},"large":{"file":"D1375V3-CR-TA-1240_1-1024x720.png","width":1024,"height":720,"mime-type":"image\/png","filesize":469735,"url":"https:\/\/fogo-engines.com\/wp-content\/uploads\/2025\/12\/D1375V3-CR-TA-1240_1-1024x720.png"},"thumbnail":{"file":"D1375V3-CR-TA-1240_1-150x150.png","width":150,"height":150,"mime-type":"image\/png","filesize":23852,"url":"https:\/\/fogo-engines.com\/wp-content\/uploads\/2025\/12\/D1375V3-CR-TA-1240_1-150x150.png"},"medium_large":{"file":"D1375V3-CR-TA-1240_1-768x540.png","width":768,"height":540,"mime-type":"image\/png","filesize":269901,"url":"https:\/\/fogo-engines.com\/wp-content\/uploads\/2025\/12\/D1375V3-CR-TA-1240_1-768x540.png"},"1536x1536":{"file":"D1375V3-CR-TA-1240_1-1536x1080.png","width":1536,"height":1080,"mime-type":"image\/png","filesize":988439,"url":"https:\/\/fogo-engines.com\/wp-content\/uploads\/2025\/12\/D1375V3-CR-TA-1240_1-1536x1080.png"}},"image_meta":{"aperture":"0","credit":"","camera":"","caption":"","created_timestamp":"0","copyright":"","focal_length":"0","iso":"0","shutter_speed":"0","title":"","orientation":"0","keywords":[]},"ID":"217898","name":"D1375V3-CR-TA-1240_1.png","path":"\/autoinstalator\/wordpress\/wp-content\/uploads\/2025\/12\/D1375V3-CR-TA-1240_1.png","url":"https:\/\/fogo-engines.com\/wp-content\/uploads\/2025\/12\/D1375V3-CR-TA-1240_1-150x150.png","full_url":"https:\/\/fogo-engines.com\/wp-content\/uploads\/2025\/12\/D1375V3-CR-TA-1240_1.png","title":"D1375V3-CR-TA-1240_1.png","caption":"","description":"","alt":"","srcset":false},{"width":150,"height":150,"file":"2025\/12\/D1375V3-CR-TA-1240_2.png","filesize":1399274,"sizes":{"medium":{"file":"D1375V3-CR-TA-1240_2-300x211.png","width":300,"height":211,"mime-type":"image\/png","filesize":53297,"url":"https:\/\/fogo-engines.com\/wp-content\/uploads\/2025\/12\/D1375V3-CR-TA-1240_2-300x211.png"},"large":{"file":"D1375V3-CR-TA-1240_2-1024x720.png","width":1024,"height":720,"mime-type":"image\/png","filesize":510961,"url":"https:\/\/fogo-engines.com\/wp-content\/uploads\/2025\/12\/D1375V3-CR-TA-1240_2-1024x720.png"},"thumbnail":{"file":"D1375V3-CR-TA-1240_2-150x150.png","width":150,"height":150,"mime-type":"image\/png","filesize":25868,"url":"https:\/\/fogo-engines.com\/wp-content\/uploads\/2025\/12\/D1375V3-CR-TA-1240_2-150x150.png"},"medium_large":{"file":"D1375V3-CR-TA-1240_2-768x540.png","width":768,"height":540,"mime-type":"image\/png","filesize":297502,"url":"https:\/\/fogo-engines.com\/wp-content\/uploads\/2025\/12\/D1375V3-CR-TA-1240_2-768x540.png"},"1536x1536":{"file":"D1375V3-CR-TA-1240_2-1536x1080.png","width":1536,"height":1080,"mime-type":"image\/png","filesize":1046146,"url":"https:\/\/fogo-engines.com\/wp-content\/uploads\/2025\/12\/D1375V3-CR-TA-1240_2-1536x1080.png"}},"image_meta":{"aperture":"0","credit":"","camera":"","caption":"","created_timestamp":"0","copyright":"","focal_length":"0","iso":"0","shutter_speed":"0","title":"","orientation":"0","keywords":[]},"ID":"217899","name":"D1375V3-CR-TA-1240_2.png","path":"\/autoinstalator\/wordpress\/wp-content\/uploads\/2025\/12\/D1375V3-CR-TA-1240_2.png","url":"https:\/\/fogo-engines.com\/wp-content\/uploads\/2025\/12\/D1375V3-CR-TA-1240_2-150x150.png","full_url":"https:\/\/fogo-engines.com\/wp-content\/uploads\/2025\/12\/D1375V3-CR-TA-1240_2.png","title":"D1375V3-CR-TA-1240_2.png","caption":"","description":"","alt":"","srcset":false},{"width":150,"height":150,"file":"2025\/12\/D1375V3-CR-TA-1240_3.png","filesize":1356608,"sizes":{"medium":{"file":"D1375V3-CR-TA-1240_3-300x211.png","width":300,"height":211,"mime-type":"image\/png","filesize":49086,"url":"https:\/\/fogo-engines.com\/wp-content\/uploads\/2025\/12\/D1375V3-CR-TA-1240_3-300x211.png"},"large":{"file":"D1375V3-CR-TA-1240_3-1024x720.png","width":1024,"height":720,"mime-type":"image\/png","filesize":472576,"url":"https:\/\/fogo-engines.com\/wp-content\/uploads\/2025\/12\/D1375V3-CR-TA-1240_3-1024x720.png"},"thumbnail":{"file":"D1375V3-CR-TA-1240_3-150x150.png","width":150,"height":150,"mime-type":"image\/png","filesize":23346,"url":"https:\/\/fogo-engines.com\/wp-content\/uploads\/2025\/12\/D1375V3-CR-TA-1240_3-150x150.png"},"medium_large":{"file":"D1375V3-CR-TA-1240_3-768x540.png","width":768,"height":540,"mime-type":"image\/png","filesize":271651,"url":"https:\/\/fogo-engines.com\/wp-content\/uploads\/2025\/12\/D1375V3-CR-TA-1240_3-768x540.png"},"1536x1536":{"file":"D1375V3-CR-TA-1240_3-1536x1080.png","width":1536,"height":1080,"mime-type":"image\/png","filesize":995718,"url":"https:\/\/fogo-engines.com\/wp-content\/uploads\/2025\/12\/D1375V3-CR-TA-1240_3-1536x1080.png"}},"image_meta":{"aperture":"0","credit":"","camera":"","caption":"","created_timestamp":"0","copyright":"","focal_length":"0","iso":"0","shutter_speed":"0","title":"","orientation":"0","keywords":[]},"ID":"217900","name":"D1375V3-CR-TA-1240_3.png","path":"\/autoinstalator\/wordpress\/wp-content\/uploads\/2025\/12\/D1375V3-CR-TA-1240_3.png","url":"https:\/\/fogo-engines.com\/wp-content\/uploads\/2025\/12\/D1375V3-CR-TA-1240_3-150x150.png","full_url":"https:\/\/fogo-engines.com\/wp-content\/uploads\/2025\/12\/D1375V3-CR-TA-1240_3.png","title":"D1375V3-CR-TA-1240_3.png","caption":"","description":"","alt":"","srcset":false}],"description":"Model F0392-1253 reprezentuje najnowocze\u015bniejsz\u0105 technologi\u0119 wytwarzania energii o mocy wyj\u015bciowej 1000 kWe. Ten 12-cylindrowy silnik o pojemno\u015bci 39,2 l jest wyposa\u017cony w zaawansowany uk\u0142ad ch\u0142odzenia mi\u0119dzystopniowego woda-powietrze, zapewniaj\u0105cy optymaln\u0105 sprawno\u015b\u0107 ciepln\u0105 i osi\u0105gi.","pdf":"https:\/\/fogo-engines.com\/wp-content\/uploads\/2026\/02\/F0392-1253.pdf","pdf_pl":"https:\/\/fogo-engines.com\/wp-content\/uploads\/2026\/02\/F0392-1253-PL.pdf","dcp":"YES"},"_links":{"self":[{"href":"https:\/\/fogo-engines.com\/pl\/wp-json\/wp\/v2\/product\/218344","targetHints":{"allow":["GET"]}}],"collection":[{"href":"https:\/\/fogo-engines.com\/pl\/wp-json\/wp\/v2\/product"}],"about":[{"href":"https:\/\/fogo-engines.com\/pl\/wp-json\/wp\/v2\/types\/product"}],"wp:attachment":[{"href":"https:\/\/fogo-engines.com\/pl\/wp-json\/wp\/v2\/media?parent=218344"}],"curies":[{"name":"wp","href":"https:\/\/api.w.org\/{rel}","templated":true}]}}