{"id":218356,"date":"2026-02-12T10:16:40","date_gmt":"2026-02-12T10:16:40","guid":{"rendered":"https:\/\/fogo.nowestronyinternetowe.pl\/product\/f1055-2253\/"},"modified":"2026-02-01T17:07:22","modified_gmt":"2026-02-01T17:07:22","slug":"f1055-2253","status":"publish","type":"product","link":"https:\/\/fogo-engines.com\/pl\/product\/f1055-2253\/","title":{"rendered":"F1055-2253"},"content":{"rendered":"","protected":false},"featured_media":0,"template":"","class_list":["post-218356","product","type-product","status-publish","hentry"],"acf":[],"meta_box":{"engine_model":"F1055-2253","Number_of_cylinders":"16","configuration":"V, 90\u00b0","aspiration":"Turbodo\u0142adowanie z ch\u0142odzeniem mi\u0119dzystopniowym powietrze-powietrze","combustion_system":"Wtrysk bezpo\u015bredni","compression_ratio":"13.5:1","bore_mm":"200","stroke_mm":"210","displacement_l":"105.6","rotation":"Przeciwnie do ruchu wskaz\u00f3wek zegara (patrz\u0105c od strony ko\u0142a zamachowego)","fuel_system":"Pompy elektroniczne","governor":"ECU","stability_at_constant_load_iso_8528_5_class_g3":"\u2264 +\/- 0.5 %","5060Hzswitchableoperation":"NO","Electricsystemnegativeground":"24V","tropical_radiator_mounted_on_the_engine":"Temperatura otoczenia 50\u00b0C","flywheel_housing_flywheel":"SAE00 \/21\"","lubrication_oil_capacity_l":"520","coolant_capacity_l":"800","emission_class":"Stage III","gross_engine_output_50hz_prp_kwm":"2005","gross_engine_output_50hz_esp_kwm":"2206","typical_generator_output_50hz_prp_kwe":"1800","typical_generator_output_50hz_prp_kva":"2250","typical_generator_output_50hz_esp_kva":"2500","hvo_synthetic_fuel_acceptance":"Akceptacja paliwa syntetycznego HVO","fuel_consumption_standby_esp_g_kwh":"553.6","fuel_consumption_standby_esp_l_h":"553.6","fuel_consumption_prime_prp_g_kwh":"199.9","fuel_consumption_prime_prp_l_h":"479.9","fuel_consumption_75_prp_prime_g_kwh":"199.9","fuel_consumption_75_prp_prime_l_h":"360.0","fuel_consumption_50_prp_prime_g_kwh":"207.8","fuel_consumption_50_prp_prime_l_h":"249.5","Mainfeatures":"<p>\u2713 Kompaktowa konstrukcja<br>\u2713 Dobra g\u0119sto\u015b\u0107 mocy<br>\u2713 Dobra akceptacja obci\u0105\u017cenia<br>\u2713 Trwa\u0142o\u015b\u0107<br>\u2713 \u0141atwy serwis i konserwacja<br>\u2713 Niskie zu\u017cycie paliwa<br>\u2713 Szeroki wyb\u00f3r wyposa\u017cenia opcjonalnego<br>\u2713 Niski poziom ha\u0142asu<br>\u2713 Dopasowany zestaw ch\u0142odz\u0105cy (opcja)<\/p>\n","standard_scope_of_supply":"<p>\u2713 \u017beliwny blok cylindr\u00f3w i oddzielne \u017celiwne g\u0142owice cylindr\u00f3w<br>\u2713 T\u0142oki ze stopu aluminium z galeryjnym ch\u0142odzeniem oleju<br>\u2713 Automatyczny napinacz paska, unoszone ucha, sta\u0142e przednie i tylne zawieszenie \u2713 Ch\u0142odnica z mechanicznym wentylatorem popychacza, sterowana termicznie (opcja) tylne zawieszenie<br>\u2713 Ch\u0142odnica z mechanicznym wentylatorem popychacza, sterowana termostatycznie (opcjonalnie)<br>\u2713 Miska olejowa o du\u017cej pojemno\u015bci, obrotowy filtr oleju o pe\u0142nym przep\u0142ywie, wska\u017anik poziomu oleju<br>\u2713 Elektroniczny uk\u0142ad paliwowy<br>\u2713 Zarz\u0105dzanie\/monitorowanie ECU<br>\u2713 Podw\u00f3jny filtr paliwa z separatorem wody<br>\u2713 Podgrzewacz wlotu powietrza<br>\u2713 Turbospr\u0119\u017carki montowane z ty\u0142u<br>\u2713 G\u00f3rne\/boczne filtry powietrza ze wska\u017anikiem oporu<br>\u2713 Uk\u0142ad elektryczny 24 V DC z dwoma rozrusznikami po 11 kW ka\u017cdy<br>\u2713 Alternator \u0142aduj\u0105cy 55 A<br>\u2713 Kolektor wydechowy izolowany termicznie<\/p>\n","length_mm":"5500","width_mm":"2500","height_mm":"2500","weight_kg":"14200","main_image":{"width":150,"height":150,"file":"2025\/12\/D2500V3-EP-TA-16105_1.png","filesize":1171421,"sizes":{"medium":{"file":"D2500V3-EP-TA-16105_1-300x211.png","width":300,"height":211,"mime-type":"image\/png","filesize":43911,"url":"https:\/\/fogo-engines.com\/wp-content\/uploads\/2025\/12\/D2500V3-EP-TA-16105_1-300x211.png"},"large":{"file":"D2500V3-EP-TA-16105_1-1024x720.png","width":1024,"height":720,"mime-type":"image\/png","filesize":416886,"url":"https:\/\/fogo-engines.com\/wp-content\/uploads\/2025\/12\/D2500V3-EP-TA-16105_1-1024x720.png"},"thumbnail":{"file":"D2500V3-EP-TA-16105_1-150x150.png","width":150,"height":150,"mime-type":"image\/png","filesize":20450,"url":"https:\/\/fogo-engines.com\/wp-content\/uploads\/2025\/12\/D2500V3-EP-TA-16105_1-150x150.png"},"medium_large":{"file":"D2500V3-EP-TA-16105_1-768x540.png","width":768,"height":540,"mime-type":"image\/png","filesize":241774,"url":"https:\/\/fogo-engines.com\/wp-content\/uploads\/2025\/12\/D2500V3-EP-TA-16105_1-768x540.png"},"1536x1536":{"file":"D2500V3-EP-TA-16105_1-1536x1080.png","width":1536,"height":1080,"mime-type":"image\/png","filesize":855445,"url":"https:\/\/fogo-engines.com\/wp-content\/uploads\/2025\/12\/D2500V3-EP-TA-16105_1-1536x1080.png"}},"image_meta":{"aperture":"0","credit":"","camera":"","caption":"","created_timestamp":"0","copyright":"","focal_length":"0","iso":"0","shutter_speed":"0","title":"","orientation":"0","keywords":[]},"ID":"217926","name":"D2500V3-EP-TA-16105_1.png","path":"\/autoinstalator\/wordpress\/wp-content\/uploads\/2025\/12\/D2500V3-EP-TA-16105_1.png","url":"https:\/\/fogo-engines.com\/wp-content\/uploads\/2025\/12\/D2500V3-EP-TA-16105_1-150x150.png","full_url":"https:\/\/fogo-engines.com\/wp-content\/uploads\/2025\/12\/D2500V3-EP-TA-16105_1.png","title":"D2500V3-EP-TA-16105_1.png","caption":"","description":"","alt":"","srcset":false},"dimension":{"width":150,"height":150,"file":"2026\/02\/dimension-single_transparent-1.png","filesize":563704,"sizes":{"medium":{"file":"dimension-single_transparent-1-300x134.png","width":300,"height":134,"mime-type":"image\/png","filesize":58467,"url":"https:\/\/fogo-engines.com\/wp-content\/uploads\/2026\/02\/dimension-single_transparent-1-300x134.png"},"large":{"file":"dimension-single_transparent-1-1024x456.png","width":1024,"height":456,"mime-type":"image\/png","filesize":456208,"url":"https:\/\/fogo-engines.com\/wp-content\/uploads\/2026\/02\/dimension-single_transparent-1-1024x456.png"},"thumbnail":{"file":"dimension-single_transparent-1-150x150.png","width":150,"height":150,"mime-type":"image\/png","filesize":35095,"url":"https:\/\/fogo-engines.com\/wp-content\/uploads\/2026\/02\/dimension-single_transparent-1-150x150.png"},"medium_large":{"file":"dimension-single_transparent-1-768x342.png","width":768,"height":342,"mime-type":"image\/png","filesize":287076,"url":"https:\/\/fogo-engines.com\/wp-content\/uploads\/2026\/02\/dimension-single_transparent-1-768x342.png"}},"image_meta":{"aperture":"0","credit":"","camera":"","caption":"","created_timestamp":"0","copyright":"","focal_length":"0","iso":"0","shutter_speed":"0","title":"","orientation":"0","keywords":[]},"ID":"218599","name":"dimension-single_transparent-1.png","path":"\/autoinstalator\/wordpress\/wp-content\/uploads\/2026\/02\/dimension-single_transparent-1.png","url":"https:\/\/fogo-engines.com\/wp-content\/uploads\/2026\/02\/dimension-single_transparent-1-150x150.png","full_url":"https:\/\/fogo-engines.com\/wp-content\/uploads\/2026\/02\/dimension-single_transparent-1.png","title":"dimension-single_transparent-1.png","caption":"","description":"","alt":"","srcset":false},"emission_class_filter":"3","fuel":"Diesel","gallery":[{"width":150,"height":150,"file":"2025\/12\/D2500V3-EP-TA-16105_1.png","filesize":1171421,"sizes":{"medium":{"file":"D2500V3-EP-TA-16105_1-300x211.png","width":300,"height":211,"mime-type":"image\/png","filesize":43911,"url":"https:\/\/fogo-engines.com\/wp-content\/uploads\/2025\/12\/D2500V3-EP-TA-16105_1-300x211.png"},"large":{"file":"D2500V3-EP-TA-16105_1-1024x720.png","width":1024,"height":720,"mime-type":"image\/png","filesize":416886,"url":"https:\/\/fogo-engines.com\/wp-content\/uploads\/2025\/12\/D2500V3-EP-TA-16105_1-1024x720.png"},"thumbnail":{"file":"D2500V3-EP-TA-16105_1-150x150.png","width":150,"height":150,"mime-type":"image\/png","filesize":20450,"url":"https:\/\/fogo-engines.com\/wp-content\/uploads\/2025\/12\/D2500V3-EP-TA-16105_1-150x150.png"},"medium_large":{"file":"D2500V3-EP-TA-16105_1-768x540.png","width":768,"height":540,"mime-type":"image\/png","filesize":241774,"url":"https:\/\/fogo-engines.com\/wp-content\/uploads\/2025\/12\/D2500V3-EP-TA-16105_1-768x540.png"},"1536x1536":{"file":"D2500V3-EP-TA-16105_1-1536x1080.png","width":1536,"height":1080,"mime-type":"image\/png","filesize":855445,"url":"https:\/\/fogo-engines.com\/wp-content\/uploads\/2025\/12\/D2500V3-EP-TA-16105_1-1536x1080.png"}},"image_meta":{"aperture":"0","credit":"","camera":"","caption":"","created_timestamp":"0","copyright":"","focal_length":"0","iso":"0","shutter_speed":"0","title":"","orientation":"0","keywords":[]},"ID":"217926","name":"D2500V3-EP-TA-16105_1.png","path":"\/autoinstalator\/wordpress\/wp-content\/uploads\/2025\/12\/D2500V3-EP-TA-16105_1.png","url":"https:\/\/fogo-engines.com\/wp-content\/uploads\/2025\/12\/D2500V3-EP-TA-16105_1-150x150.png","full_url":"https:\/\/fogo-engines.com\/wp-content\/uploads\/2025\/12\/D2500V3-EP-TA-16105_1.png","title":"D2500V3-EP-TA-16105_1.png","caption":"","description":"","alt":"","srcset":false},{"width":150,"height":150,"file":"2025\/12\/D2500V3-EP-TA-16105_2.png","filesize":1327051,"sizes":{"medium":{"file":"D2500V3-EP-TA-16105_2-300x211.png","width":300,"height":211,"mime-type":"image\/png","filesize":53805,"url":"https:\/\/fogo-engines.com\/wp-content\/uploads\/2025\/12\/D2500V3-EP-TA-16105_2-300x211.png"},"large":{"file":"D2500V3-EP-TA-16105_2-1024x720.png","width":1024,"height":720,"mime-type":"image\/png","filesize":508369,"url":"https:\/\/fogo-engines.com\/wp-content\/uploads\/2025\/12\/D2500V3-EP-TA-16105_2-1024x720.png"},"thumbnail":{"file":"D2500V3-EP-TA-16105_2-150x150.png","width":150,"height":150,"mime-type":"image\/png","filesize":25650,"url":"https:\/\/fogo-engines.com\/wp-content\/uploads\/2025\/12\/D2500V3-EP-TA-16105_2-150x150.png"},"medium_large":{"file":"D2500V3-EP-TA-16105_2-768x540.png","width":768,"height":540,"mime-type":"image\/png","filesize":300597,"url":"https:\/\/fogo-engines.com\/wp-content\/uploads\/2025\/12\/D2500V3-EP-TA-16105_2-768x540.png"},"1536x1536":{"file":"D2500V3-EP-TA-16105_2-1536x1080.png","width":1536,"height":1080,"mime-type":"image\/png","filesize":1013914,"url":"https:\/\/fogo-engines.com\/wp-content\/uploads\/2025\/12\/D2500V3-EP-TA-16105_2-1536x1080.png"}},"image_meta":{"aperture":"0","credit":"","camera":"","caption":"","created_timestamp":"0","copyright":"","focal_length":"0","iso":"0","shutter_speed":"0","title":"","orientation":"0","keywords":[]},"ID":"217927","name":"D2500V3-EP-TA-16105_2.png","path":"\/autoinstalator\/wordpress\/wp-content\/uploads\/2025\/12\/D2500V3-EP-TA-16105_2.png","url":"https:\/\/fogo-engines.com\/wp-content\/uploads\/2025\/12\/D2500V3-EP-TA-16105_2-150x150.png","full_url":"https:\/\/fogo-engines.com\/wp-content\/uploads\/2025\/12\/D2500V3-EP-TA-16105_2.png","title":"D2500V3-EP-TA-16105_2.png","caption":"","description":"","alt":"","srcset":false},{"width":150,"height":150,"file":"2025\/12\/D2500V3-EP-TA-16105_3.png","filesize":1459304,"sizes":{"medium":{"file":"D2500V3-EP-TA-16105_3-300x211.png","width":300,"height":211,"mime-type":"image\/png","filesize":57502,"url":"https:\/\/fogo-engines.com\/wp-content\/uploads\/2025\/12\/D2500V3-EP-TA-16105_3-300x211.png"},"large":{"file":"D2500V3-EP-TA-16105_3-1024x720.png","width":1024,"height":720,"mime-type":"image\/png","filesize":553881,"url":"https:\/\/fogo-engines.com\/wp-content\/uploads\/2025\/12\/D2500V3-EP-TA-16105_3-1024x720.png"},"thumbnail":{"file":"D2500V3-EP-TA-16105_3-150x150.png","width":150,"height":150,"mime-type":"image\/png","filesize":26409,"url":"https:\/\/fogo-engines.com\/wp-content\/uploads\/2025\/12\/D2500V3-EP-TA-16105_3-150x150.png"},"medium_large":{"file":"D2500V3-EP-TA-16105_3-768x540.png","width":768,"height":540,"mime-type":"image\/png","filesize":325837,"url":"https:\/\/fogo-engines.com\/wp-content\/uploads\/2025\/12\/D2500V3-EP-TA-16105_3-768x540.png"},"1536x1536":{"file":"D2500V3-EP-TA-16105_3-1536x1080.png","width":1536,"height":1080,"mime-type":"image\/png","filesize":1109018,"url":"https:\/\/fogo-engines.com\/wp-content\/uploads\/2025\/12\/D2500V3-EP-TA-16105_3-1536x1080.png"}},"image_meta":{"aperture":"0","credit":"","camera":"","caption":"","created_timestamp":"0","copyright":"","focal_length":"0","iso":"0","shutter_speed":"0","title":"","orientation":"0","keywords":[]},"ID":"217928","name":"D2500V3-EP-TA-16105_3.png","path":"\/autoinstalator\/wordpress\/wp-content\/uploads\/2025\/12\/D2500V3-EP-TA-16105_3.png","url":"https:\/\/fogo-engines.com\/wp-content\/uploads\/2025\/12\/D2500V3-EP-TA-16105_3-150x150.png","full_url":"https:\/\/fogo-engines.com\/wp-content\/uploads\/2025\/12\/D2500V3-EP-TA-16105_3.png","title":"D2500V3-EP-TA-16105_3.png","caption":"","description":"","alt":"","srcset":false},{"width":150,"height":150,"file":"2025\/12\/D2500V3-EP-TA-16105_4.png","filesize":1231192,"sizes":{"medium":{"file":"D2500V3-EP-TA-16105_4-300x211.png","width":300,"height":211,"mime-type":"image\/png","filesize":46027,"url":"https:\/\/fogo-engines.com\/wp-content\/uploads\/2025\/12\/D2500V3-EP-TA-16105_4-300x211.png"},"large":{"file":"D2500V3-EP-TA-16105_4-1024x720.png","width":1024,"height":720,"mime-type":"image\/png","filesize":441796,"url":"https:\/\/fogo-engines.com\/wp-content\/uploads\/2025\/12\/D2500V3-EP-TA-16105_4-1024x720.png"},"thumbnail":{"file":"D2500V3-EP-TA-16105_4-150x150.png","width":150,"height":150,"mime-type":"image\/png","filesize":20435,"url":"https:\/\/fogo-engines.com\/wp-content\/uploads\/2025\/12\/D2500V3-EP-TA-16105_4-150x150.png"},"medium_large":{"file":"D2500V3-EP-TA-16105_4-768x540.png","width":768,"height":540,"mime-type":"image\/png","filesize":257499,"url":"https:\/\/fogo-engines.com\/wp-content\/uploads\/2025\/12\/D2500V3-EP-TA-16105_4-768x540.png"},"1536x1536":{"file":"D2500V3-EP-TA-16105_4-1536x1080.png","width":1536,"height":1080,"mime-type":"image\/png","filesize":901962,"url":"https:\/\/fogo-engines.com\/wp-content\/uploads\/2025\/12\/D2500V3-EP-TA-16105_4-1536x1080.png"}},"image_meta":{"aperture":"0","credit":"","camera":"","caption":"","created_timestamp":"0","copyright":"","focal_length":"0","iso":"0","shutter_speed":"0","title":"","orientation":"0","keywords":[]},"ID":"217929","name":"D2500V3-EP-TA-16105_4.png","path":"\/autoinstalator\/wordpress\/wp-content\/uploads\/2025\/12\/D2500V3-EP-TA-16105_4.png","url":"https:\/\/fogo-engines.com\/wp-content\/uploads\/2025\/12\/D2500V3-EP-TA-16105_4-150x150.png","full_url":"https:\/\/fogo-engines.com\/wp-content\/uploads\/2025\/12\/D2500V3-EP-TA-16105_4.png","title":"D2500V3-EP-TA-16105_4.png","caption":"","description":"","alt":"","srcset":false}],"description":"F1055-2253 to wysokowydajny 16-cylindrowy silnik wysokopr\u0119\u017cny o mocy wyj\u015bciowej 1800 kWe. Dzi\u0119ki pojemno\u015bci skokowej 105,6 l i zaawansowanej in\u017cynierii, silnik ten zapewnia niezawodn\u0105 moc w r\u00f3\u017cnorodnych zastosowaniach.","pdf":"https:\/\/fogo-engines.com\/wp-content\/uploads\/2026\/02\/F1055-2253.pdf","pdf_pl":"https:\/\/fogo-engines.com\/wp-content\/uploads\/2026\/02\/F1055-2253-PL.pdf","dcp":"YES"},"_links":{"self":[{"href":"https:\/\/fogo-engines.com\/pl\/wp-json\/wp\/v2\/product\/218356","targetHints":{"allow":["GET"]}}],"collection":[{"href":"https:\/\/fogo-engines.com\/pl\/wp-json\/wp\/v2\/product"}],"about":[{"href":"https:\/\/fogo-engines.com\/pl\/wp-json\/wp\/v2\/types\/product"}],"wp:attachment":[{"href":"https:\/\/fogo-engines.com\/pl\/wp-json\/wp\/v2\/media?parent=218356"}],"curies":[{"name":"wp","href":"https:\/\/api.w.org\/{rel}","templated":true}]}}