{"id":218360,"date":"2026-02-12T10:16:34","date_gmt":"2026-02-12T10:16:34","guid":{"rendered":"https:\/\/fogo.nowestronyinternetowe.pl\/product\/f0025-0022\/"},"modified":"2026-02-01T17:07:24","modified_gmt":"2026-02-01T17:07:24","slug":"f0025-0022","status":"publish","type":"product","link":"https:\/\/fogo-engines.com\/pl\/product\/f0025-0022\/","title":{"rendered":"F0025-0022"},"content":{"rendered":"","protected":false},"featured_media":0,"template":"","class_list":["post-218360","product","type-product","status-publish","hentry"],"acf":[],"meta_box":{"engine_model":"F0025-0022","Number_of_cylinders":"4","configuration":"Pionowy, rz\u0119dowy","aspiration":"Naturalnie wolnoss\u0105cy","combustion_system":"Wtrysk bezpo\u015bredni","compression_ratio":"17.5:1","bore_mm":"89","stroke_mm":"100","displacement_l":"2.5","rotation":"Przeciwnie do ruchu wskaz\u00f3wek zegara (patrz\u0105c od strony ko\u0142a zamachowego)","fuel_system":"Mechaniczny","governor":"Elektroniczny","stability_at_constant_load_iso_8528_5_class_g3":"\u2264 +\/- 0.5 %","5060Hzswitchableoperation":"YES","Electricsystemnegativeground":"12V","tropical_radiator_mounted_on_the_engine":"Temperatura otoczenia 50\u00b0C","flywheel_housing_flywheel":"SAE4 \/7.5\"","lubrication_oil_capacity_l":"6.5","coolant_capacity_l":"13.5","emission_class":"EU Stage II","gross_engine_output_50hz_prp_kwm":"23","gross_engine_output_50hz_esp_kwm":"25","typical_generator_output_50hz_prp_kwe":"16","typical_generator_output_50hz_prp_kva":"20","typical_generator_output_50hz_esp_kva":"22","hvo_synthetic_fuel_acceptance":"Akceptacja paliwa syntetycznego HVO","fuel_consumption_standby_esp_g_kwh":"6.6","fuel_consumption_standby_esp_l_h":"6.6","fuel_consumption_prime_prp_g_kwh":"220.1","fuel_consumption_prime_prp_l_h":"6.1","fuel_consumption_75_prp_prime_g_kwh":"225.0","fuel_consumption_75_prp_prime_l_h":"4.6","fuel_consumption_50_prp_prime_g_kwh":"238.0","fuel_consumption_50_prp_prime_l_h":"3.3","Mainfeatures":"<p>\u2713 Kompaktowa konstrukcja<br>\u2713 Wysoka g\u0119sto\u015b\u0107 mocy<br>\u2713 Trwa\u0142o\u015b\u0107<br>\u2713 \u0141atwy serwis i konserwacja<br>\u2713 Niskie zu\u017cycie paliwa<br>\u2713 Szeroki wyb\u00f3r wyposa\u017cenia opcjonalnego<br>\u2713 Niski poziom ha\u0142asu<br>\u2713 Dostosowany uk\u0142ad ch\u0142odzenia<\/p>\n","standard_scope_of_supply":"<p>\u2713 \u017beliwny blok cylindr\u00f3w c\/w oddzielna \u017celiwna g\u0142owica cylindr\u00f3w<br>\u2713 T\u0142oki ze stopu aluminium z galeryjnym ch\u0142odzeniem oleju<br>\u2713 Automatyczny napinacz paska, unoszone oczka, sta\u0142e przednie zawieszenie<br>\u2713 Ch\u0142odnica zamontowana na silniku z mechanicznym wentylatorem popychacza, sterowana termostatycznie<br>\u2713 Miska olejowa o du\u017cej pojemno\u015bci, obrotowy filtr oleju o pe\u0142nym przep\u0142ywie, bagnet oleju<br>\u2713 Pompa wtryskowa paliwa o wysokim ci\u015bnieniu wtrysku, wtryskiwacze typu P<br>\u2713 Podw\u00f3jny filtr dok\u0142adnego oczyszczania paliwa z separatorem wody<br>\u2713 Podgrzewacz wlotu powietrza<br>\u2713 Filtr powietrza montowany z ty\u0142u ze wska\u017anikiem oporu<br>\u2713 Instalacja elektryczna 12 V DC z rozrusznikiem 3.7kW<br>\u2713 Alternator \u0142aduj\u0105cy 35A<br>\u2713 Izolowany termicznie kolektor wydechowy<\/p>\n","length_mm":"1005","width_mm":"605","height_mm":"780","weight_kg":"240","main_image":{"width":150,"height":150,"file":"2025\/12\/D22R2-MP-EN-425_1.png","filesize":1088932,"sizes":{"medium":{"file":"D22R2-MP-EN-425_1-300x211.png","width":300,"height":211,"mime-type":"image\/png","filesize":44009,"url":"https:\/\/fogo-engines.com\/wp-content\/uploads\/2025\/12\/D22R2-MP-EN-425_1-300x211.png"},"large":{"file":"D22R2-MP-EN-425_1-1024x720.png","width":1024,"height":720,"mime-type":"image\/png","filesize":379081,"url":"https:\/\/fogo-engines.com\/wp-content\/uploads\/2025\/12\/D22R2-MP-EN-425_1-1024x720.png"},"thumbnail":{"file":"D22R2-MP-EN-425_1-150x150.png","width":150,"height":150,"mime-type":"image\/png","filesize":23494,"url":"https:\/\/fogo-engines.com\/wp-content\/uploads\/2025\/12\/D22R2-MP-EN-425_1-150x150.png"},"medium_large":{"file":"D22R2-MP-EN-425_1-768x540.png","width":768,"height":540,"mime-type":"image\/png","filesize":221872,"url":"https:\/\/fogo-engines.com\/wp-content\/uploads\/2025\/12\/D22R2-MP-EN-425_1-768x540.png"},"1536x1536":{"file":"D22R2-MP-EN-425_1-1536x1080.png","width":1536,"height":1080,"mime-type":"image\/png","filesize":792563,"url":"https:\/\/fogo-engines.com\/wp-content\/uploads\/2025\/12\/D22R2-MP-EN-425_1-1536x1080.png"}},"image_meta":{"aperture":"0","credit":"","camera":"","caption":"","created_timestamp":"0","copyright":"","focal_length":"0","iso":"0","shutter_speed":"0","title":"","orientation":"0","keywords":[]},"ID":"217778","name":"D22R2-MP-EN-425_1.png","path":"\/autoinstalator\/wordpress\/wp-content\/uploads\/2025\/12\/D22R2-MP-EN-425_1.png","url":"https:\/\/fogo-engines.com\/wp-content\/uploads\/2025\/12\/D22R2-MP-EN-425_1-150x150.png","full_url":"https:\/\/fogo-engines.com\/wp-content\/uploads\/2025\/12\/D22R2-MP-EN-425_1.png","title":"D22R2-MP-EN-425_1.png","caption":"","description":"","alt":"","srcset":false},"dimension":{"width":150,"height":150,"file":"2026\/02\/dimension-single_transparent-1.png","filesize":563704,"sizes":{"medium":{"file":"dimension-single_transparent-1-300x134.png","width":300,"height":134,"mime-type":"image\/png","filesize":58467,"url":"https:\/\/fogo-engines.com\/wp-content\/uploads\/2026\/02\/dimension-single_transparent-1-300x134.png"},"large":{"file":"dimension-single_transparent-1-1024x456.png","width":1024,"height":456,"mime-type":"image\/png","filesize":456208,"url":"https:\/\/fogo-engines.com\/wp-content\/uploads\/2026\/02\/dimension-single_transparent-1-1024x456.png"},"thumbnail":{"file":"dimension-single_transparent-1-150x150.png","width":150,"height":150,"mime-type":"image\/png","filesize":35095,"url":"https:\/\/fogo-engines.com\/wp-content\/uploads\/2026\/02\/dimension-single_transparent-1-150x150.png"},"medium_large":{"file":"dimension-single_transparent-1-768x342.png","width":768,"height":342,"mime-type":"image\/png","filesize":287076,"url":"https:\/\/fogo-engines.com\/wp-content\/uploads\/2026\/02\/dimension-single_transparent-1-768x342.png"}},"image_meta":{"aperture":"0","credit":"","camera":"","caption":"","created_timestamp":"0","copyright":"","focal_length":"0","iso":"0","shutter_speed":"0","title":"","orientation":"0","keywords":[]},"ID":"218599","name":"dimension-single_transparent-1.png","path":"\/autoinstalator\/wordpress\/wp-content\/uploads\/2026\/02\/dimension-single_transparent-1.png","url":"https:\/\/fogo-engines.com\/wp-content\/uploads\/2026\/02\/dimension-single_transparent-1-150x150.png","full_url":"https:\/\/fogo-engines.com\/wp-content\/uploads\/2026\/02\/dimension-single_transparent-1.png","title":"dimension-single_transparent-1.png","caption":"","description":"","alt":"","srcset":false},"emission_class_filter":"2","fuel":"Diesel","gallery":[{"width":150,"height":150,"file":"2025\/12\/D22R2-MP-EN-425_1.png","filesize":1088932,"sizes":{"medium":{"file":"D22R2-MP-EN-425_1-300x211.png","width":300,"height":211,"mime-type":"image\/png","filesize":44009,"url":"https:\/\/fogo-engines.com\/wp-content\/uploads\/2025\/12\/D22R2-MP-EN-425_1-300x211.png"},"large":{"file":"D22R2-MP-EN-425_1-1024x720.png","width":1024,"height":720,"mime-type":"image\/png","filesize":379081,"url":"https:\/\/fogo-engines.com\/wp-content\/uploads\/2025\/12\/D22R2-MP-EN-425_1-1024x720.png"},"thumbnail":{"file":"D22R2-MP-EN-425_1-150x150.png","width":150,"height":150,"mime-type":"image\/png","filesize":23494,"url":"https:\/\/fogo-engines.com\/wp-content\/uploads\/2025\/12\/D22R2-MP-EN-425_1-150x150.png"},"medium_large":{"file":"D22R2-MP-EN-425_1-768x540.png","width":768,"height":540,"mime-type":"image\/png","filesize":221872,"url":"https:\/\/fogo-engines.com\/wp-content\/uploads\/2025\/12\/D22R2-MP-EN-425_1-768x540.png"},"1536x1536":{"file":"D22R2-MP-EN-425_1-1536x1080.png","width":1536,"height":1080,"mime-type":"image\/png","filesize":792563,"url":"https:\/\/fogo-engines.com\/wp-content\/uploads\/2025\/12\/D22R2-MP-EN-425_1-1536x1080.png"}},"image_meta":{"aperture":"0","credit":"","camera":"","caption":"","created_timestamp":"0","copyright":"","focal_length":"0","iso":"0","shutter_speed":"0","title":"","orientation":"0","keywords":[]},"ID":"217778","name":"D22R2-MP-EN-425_1.png","path":"\/autoinstalator\/wordpress\/wp-content\/uploads\/2025\/12\/D22R2-MP-EN-425_1.png","url":"https:\/\/fogo-engines.com\/wp-content\/uploads\/2025\/12\/D22R2-MP-EN-425_1-150x150.png","full_url":"https:\/\/fogo-engines.com\/wp-content\/uploads\/2025\/12\/D22R2-MP-EN-425_1.png","title":"D22R2-MP-EN-425_1.png","caption":"","description":"","alt":"","srcset":false},{"width":150,"height":150,"file":"2025\/12\/D22R2-MP-EN-425_2.png","filesize":1249195,"sizes":{"medium":{"file":"D22R2-MP-EN-425_2-300x211.png","width":300,"height":211,"mime-type":"image\/png","filesize":50138,"url":"https:\/\/fogo-engines.com\/wp-content\/uploads\/2025\/12\/D22R2-MP-EN-425_2-300x211.png"},"large":{"file":"D22R2-MP-EN-425_2-1024x720.png","width":1024,"height":720,"mime-type":"image\/png","filesize":435154,"url":"https:\/\/fogo-engines.com\/wp-content\/uploads\/2025\/12\/D22R2-MP-EN-425_2-1024x720.png"},"thumbnail":{"file":"D22R2-MP-EN-425_2-150x150.png","width":150,"height":150,"mime-type":"image\/png","filesize":26135,"url":"https:\/\/fogo-engines.com\/wp-content\/uploads\/2025\/12\/D22R2-MP-EN-425_2-150x150.png"},"medium_large":{"file":"D22R2-MP-EN-425_2-768x540.png","width":768,"height":540,"mime-type":"image\/png","filesize":255218,"url":"https:\/\/fogo-engines.com\/wp-content\/uploads\/2025\/12\/D22R2-MP-EN-425_2-768x540.png"},"1536x1536":{"file":"D22R2-MP-EN-425_2-1536x1080.png","width":1536,"height":1080,"mime-type":"image\/png","filesize":911275,"url":"https:\/\/fogo-engines.com\/wp-content\/uploads\/2025\/12\/D22R2-MP-EN-425_2-1536x1080.png"}},"image_meta":{"aperture":"0","credit":"","camera":"","caption":"","created_timestamp":"0","copyright":"","focal_length":"0","iso":"0","shutter_speed":"0","title":"","orientation":"0","keywords":[]},"ID":"217780","name":"D22R2-MP-EN-425_2.png","path":"\/autoinstalator\/wordpress\/wp-content\/uploads\/2025\/12\/D22R2-MP-EN-425_2.png","url":"https:\/\/fogo-engines.com\/wp-content\/uploads\/2025\/12\/D22R2-MP-EN-425_2-150x150.png","full_url":"https:\/\/fogo-engines.com\/wp-content\/uploads\/2025\/12\/D22R2-MP-EN-425_2.png","title":"D22R2-MP-EN-425_2.png","caption":"","description":"","alt":"","srcset":false},{"width":150,"height":150,"file":"2025\/12\/D22R2-MP-EN-425_3.png","filesize":1147571,"sizes":{"medium":{"file":"D22R2-MP-EN-425_3-300x211.png","width":300,"height":211,"mime-type":"image\/png","filesize":44276,"url":"https:\/\/fogo-engines.com\/wp-content\/uploads\/2025\/12\/D22R2-MP-EN-425_3-300x211.png"},"large":{"file":"D22R2-MP-EN-425_3-1024x720.png","width":1024,"height":720,"mime-type":"image\/png","filesize":392872,"url":"https:\/\/fogo-engines.com\/wp-content\/uploads\/2025\/12\/D22R2-MP-EN-425_3-1024x720.png"},"thumbnail":{"file":"D22R2-MP-EN-425_3-150x150.png","width":150,"height":150,"mime-type":"image\/png","filesize":23414,"url":"https:\/\/fogo-engines.com\/wp-content\/uploads\/2025\/12\/D22R2-MP-EN-425_3-150x150.png"},"medium_large":{"file":"D22R2-MP-EN-425_3-768x540.png","width":768,"height":540,"mime-type":"image\/png","filesize":228941,"url":"https:\/\/fogo-engines.com\/wp-content\/uploads\/2025\/12\/D22R2-MP-EN-425_3-768x540.png"},"1536x1536":{"file":"D22R2-MP-EN-425_3-1536x1080.png","width":1536,"height":1080,"mime-type":"image\/png","filesize":822988,"url":"https:\/\/fogo-engines.com\/wp-content\/uploads\/2025\/12\/D22R2-MP-EN-425_3-1536x1080.png"}},"image_meta":{"aperture":"0","credit":"","camera":"","caption":"","created_timestamp":"0","copyright":"","focal_length":"0","iso":"0","shutter_speed":"0","title":"","orientation":"0","keywords":[]},"ID":"217781","name":"D22R2-MP-EN-425_3.png","path":"\/autoinstalator\/wordpress\/wp-content\/uploads\/2025\/12\/D22R2-MP-EN-425_3.png","url":"https:\/\/fogo-engines.com\/wp-content\/uploads\/2025\/12\/D22R2-MP-EN-425_3-150x150.png","full_url":"https:\/\/fogo-engines.com\/wp-content\/uploads\/2025\/12\/D22R2-MP-EN-425_3.png","title":"D22R2-MP-EN-425_3.png","caption":"","description":"","alt":"","srcset":false},{"width":150,"height":150,"file":"2025\/12\/D22R2-MP-EN-425_4.png","filesize":1032399,"sizes":{"medium":{"file":"D22R2-MP-EN-425_4-300x211.png","width":300,"height":211,"mime-type":"image\/png","filesize":38309,"url":"https:\/\/fogo-engines.com\/wp-content\/uploads\/2025\/12\/D22R2-MP-EN-425_4-300x211.png"},"large":{"file":"D22R2-MP-EN-425_4-1024x720.png","width":1024,"height":720,"mime-type":"image\/png","filesize":342597,"url":"https:\/\/fogo-engines.com\/wp-content\/uploads\/2025\/12\/D22R2-MP-EN-425_4-1024x720.png"},"thumbnail":{"file":"D22R2-MP-EN-425_4-150x150.png","width":150,"height":150,"mime-type":"image\/png","filesize":20477,"url":"https:\/\/fogo-engines.com\/wp-content\/uploads\/2025\/12\/D22R2-MP-EN-425_4-150x150.png"},"medium_large":{"file":"D22R2-MP-EN-425_4-768x540.png","width":768,"height":540,"mime-type":"image\/png","filesize":196699,"url":"https:\/\/fogo-engines.com\/wp-content\/uploads\/2025\/12\/D22R2-MP-EN-425_4-768x540.png"},"1536x1536":{"file":"D22R2-MP-EN-425_4-1536x1080.png","width":1536,"height":1080,"mime-type":"image\/png","filesize":723325,"url":"https:\/\/fogo-engines.com\/wp-content\/uploads\/2025\/12\/D22R2-MP-EN-425_4-1536x1080.png"}},"image_meta":{"aperture":"0","credit":"","camera":"","caption":"","created_timestamp":"0","copyright":"","focal_length":"0","iso":"0","shutter_speed":"0","title":"","orientation":"0","keywords":[]},"ID":"217782","name":"D22R2-MP-EN-425_4.png","path":"\/autoinstalator\/wordpress\/wp-content\/uploads\/2025\/12\/D22R2-MP-EN-425_4.png","url":"https:\/\/fogo-engines.com\/wp-content\/uploads\/2025\/12\/D22R2-MP-EN-425_4-150x150.png","full_url":"https:\/\/fogo-engines.com\/wp-content\/uploads\/2025\/12\/D22R2-MP-EN-425_4.png","title":"D22R2-MP-EN-425_4.png","caption":"","description":"","alt":"","srcset":false}],"description":"F0025-0022 to niezawodny 4-cylindrowy wolnoss\u0105cy silnik wysokopr\u0119\u017cny oferuj\u0105cy 16 kWe mocy wyj\u015bciowej. Charakteryzuj\u0105cy si\u0119 doskona\u0142\u0105 wydajno\u015bci\u0105 paliwow\u0105 i sprawdzon\u0105 trwa\u0142o\u015bci\u0105, ten 2,5-litrowy silnik jest idealny do zastosowa\u0144 zwi\u0105zanych z ci\u0105g\u0142ym wytwarzaniem energii.","pdf":"https:\/\/fogo-engines.com\/wp-content\/uploads\/2026\/02\/F0025-0022.pdf","pdf_pl":"https:\/\/fogo-engines.com\/wp-content\/uploads\/2026\/02\/F0025-0022-PL.pdf","dcp":""},"_links":{"self":[{"href":"https:\/\/fogo-engines.com\/pl\/wp-json\/wp\/v2\/product\/218360","targetHints":{"allow":["GET"]}}],"collection":[{"href":"https:\/\/fogo-engines.com\/pl\/wp-json\/wp\/v2\/product"}],"about":[{"href":"https:\/\/fogo-engines.com\/pl\/wp-json\/wp\/v2\/types\/product"}],"wp:attachment":[{"href":"https:\/\/fogo-engines.com\/pl\/wp-json\/wp\/v2\/media?parent=218360"}],"curies":[{"name":"wp","href":"https:\/\/api.w.org\/{rel}","templated":true}]}}