{"id":218361,"date":"2026-02-12T10:16:40","date_gmt":"2026-02-12T10:16:40","guid":{"rendered":"https:\/\/fogo.nowestronyinternetowe.pl\/product\/f1055-3373\/"},"modified":"2026-02-01T17:07:17","modified_gmt":"2026-02-01T17:07:17","slug":"f1055-3373","status":"publish","type":"product","link":"https:\/\/fogo-engines.com\/pl\/product\/f1055-3373\/","title":{"rendered":"F1055-3373"},"content":{"rendered":"","protected":false},"featured_media":0,"template":"","class_list":["post-218361","product","type-product","status-publish","hentry"],"acf":[],"meta_box":{"engine_model":"F1055-3373","Number_of_cylinders":"16","configuration":"V, 90\u00b0","aspiration":"Turbodo\u0142adowanie, ch\u0142odzenie mi\u0119dzystopniowe wodno-powietrzne","combustion_system":"Wtrysk bezpo\u015bredni","compression_ratio":"13.5:1","bore_mm":"200","stroke_mm":"210","displacement_l":"105.6","rotation":"Przeciwnie do ruchu wskaz\u00f3wek zegara (patrz\u0105c od strony ko\u0142a zamachowego)","fuel_system":"Common Rail wysokiego ci\u015bnienia","governor":"ECU","stability_at_constant_load_iso_8528_5_class_g3":"\u2264 +\/- 0.5 %","5060Hzswitchableoperation":"NO","Electricsystemnegativeground":"24V","tropical_radiator_mounted_on_the_engine":"Temperatura otoczenia 50\u00b0C","flywheel_housing_flywheel":"SAE00 \/21\"","lubrication_oil_capacity_l":"520","coolant_capacity_l":"1030","emission_class":"Stage III","gross_engine_output_50hz_prp_kwm":"3010","gross_engine_output_50hz_esp_kwm":"3311","typical_generator_output_50hz_prp_kwe":"2700","typical_generator_output_50hz_prp_kva":"3375","typical_generator_output_50hz_esp_kva":"3750","hvo_synthetic_fuel_acceptance":"Akceptacja paliwa syntetycznego HVO","fuel_consumption_standby_esp_g_kwh":"807.6","fuel_consumption_standby_esp_l_h":"807.6","fuel_consumption_prime_prp_g_kwh":"195.9","fuel_consumption_prime_prp_l_h":"706.1","fuel_consumption_75_prp_prime_g_kwh":"195.9","fuel_consumption_75_prp_prime_l_h":"529.4","fuel_consumption_50_prp_prime_g_kwh":"205.7","fuel_consumption_50_prp_prime_l_h":"369.8","Mainfeatures":"<p>\u2713 Kompaktowa konstrukcja<br>\u2713 Dobra g\u0119sto\u015b\u0107 mocy<br>\u2713 Dobra akceptacja obci\u0105\u017cenia<br>\u2713 Trwa\u0142o\u015b\u0107<br>\u2713 \u0141atwy serwis i konserwacja<br>\u2713 Niskie zu\u017cycie paliwa<br>\u2713 Szeroki wyb\u00f3r wyposa\u017cenia opcjonalnego<br>\u2713 Niski poziom ha\u0142asu<br>\u2713 Dopasowany zestaw ch\u0142odz\u0105cy (opcja)<\/p>\n","standard_scope_of_supply":"<p>\u2713 \u017beliwny blok cylindr\u00f3w i oddzielne \u017celiwne g\u0142owice cylindr\u00f3w<br>\u2713 T\u0142oki ze stopu aluminium z galeryjnym ch\u0142odzeniem oleju<br>\u2713 Automatyczny napinacz paska, unoszone ucha, sta\u0142e przednie i tylne zawieszenie \u2713 Ch\u0142odnica z mechanicznym wentylatorem popychacza, sterowana termicznie (opcja) tylne zawieszenie<br>\u2713 Ch\u0142odnica z mechanicznym wentylatorem popychacza, sterowana termostatycznie (opcja)<br>\u2713 Miska olejowa o du\u017cej pojemno\u015bci, obrotowy filtr oleju o pe\u0142nym przep\u0142ywie, wska\u017anik poziomu oleju<br>\u2713 Wysokoci\u015bnieniowy uk\u0142ad paliwowy Common Rail<br>\u2713 Zarz\u0105dzanie\/monitorowanie ECU<br>\u2713 Podw\u00f3jny filtr paliwa z separatorem wody<br>\u2713 Podgrzewacz wlotu powietrza<br>\u2713 Turbospr\u0119\u017carki montowane z ty\u0142u<br>\u2713 G\u00f3rne\/boczne filtry powietrza ze wska\u017anikiem ogranicze\u0144<br>\u2713 Uk\u0142ad elektryczny 24 V DC z dwoma rozrusznikami po 11 kW ka\u017cdy<br>\u2713 Alternator \u0142aduj\u0105cy 55 A<br>\u2713 Kolektor wydechowy izolowany termicznie<\/p>\n","length_mm":"5500","width_mm":"2500","height_mm":"2500","weight_kg":"15400","main_image":{"width":150,"height":150,"file":"2025\/12\/D3750V3-CR-TA-16105_1.png","filesize":1029101,"sizes":{"medium":{"file":"D3750V3-CR-TA-16105_1-300x211.png","width":300,"height":211,"mime-type":"image\/png","filesize":55656,"url":"https:\/\/fogo-engines.com\/wp-content\/uploads\/2025\/12\/D3750V3-CR-TA-16105_1-300x211.png"},"large":{"file":"D3750V3-CR-TA-16105_1-1024x720.png","width":1024,"height":720,"mime-type":"image\/png","filesize":440650,"url":"https:\/\/fogo-engines.com\/wp-content\/uploads\/2025\/12\/D3750V3-CR-TA-16105_1-1024x720.png"},"thumbnail":{"file":"D3750V3-CR-TA-16105_1-150x150.png","width":150,"height":150,"mime-type":"image\/png","filesize":27520,"url":"https:\/\/fogo-engines.com\/wp-content\/uploads\/2025\/12\/D3750V3-CR-TA-16105_1-150x150.png"},"medium_large":{"file":"D3750V3-CR-TA-16105_1-768x540.png","width":768,"height":540,"mime-type":"image\/png","filesize":276383,"url":"https:\/\/fogo-engines.com\/wp-content\/uploads\/2025\/12\/D3750V3-CR-TA-16105_1-768x540.png"},"1536x1536":{"file":"D3750V3-CR-TA-16105_1-1536x1080.png","width":1536,"height":1080,"mime-type":"image\/png","filesize":821876,"url":"https:\/\/fogo-engines.com\/wp-content\/uploads\/2025\/12\/D3750V3-CR-TA-16105_1-1536x1080.png"}},"image_meta":{"aperture":"0","credit":"","camera":"","caption":"","created_timestamp":"0","copyright":"","focal_length":"0","iso":"0","shutter_speed":"0","title":"","orientation":"0","keywords":[]},"ID":"217944","name":"D3750V3-CR-TA-16105_1.png","path":"\/autoinstalator\/wordpress\/wp-content\/uploads\/2025\/12\/D3750V3-CR-TA-16105_1.png","url":"https:\/\/fogo-engines.com\/wp-content\/uploads\/2025\/12\/D3750V3-CR-TA-16105_1-150x150.png","full_url":"https:\/\/fogo-engines.com\/wp-content\/uploads\/2025\/12\/D3750V3-CR-TA-16105_1.png","title":"D3750V3-CR-TA-16105_1.png","caption":"","description":"","alt":"","srcset":false},"dimension":{"width":150,"height":150,"file":"2026\/02\/dimension-single_transparent-1.png","filesize":563704,"sizes":{"medium":{"file":"dimension-single_transparent-1-300x134.png","width":300,"height":134,"mime-type":"image\/png","filesize":58467,"url":"https:\/\/fogo-engines.com\/wp-content\/uploads\/2026\/02\/dimension-single_transparent-1-300x134.png"},"large":{"file":"dimension-single_transparent-1-1024x456.png","width":1024,"height":456,"mime-type":"image\/png","filesize":456208,"url":"https:\/\/fogo-engines.com\/wp-content\/uploads\/2026\/02\/dimension-single_transparent-1-1024x456.png"},"thumbnail":{"file":"dimension-single_transparent-1-150x150.png","width":150,"height":150,"mime-type":"image\/png","filesize":35095,"url":"https:\/\/fogo-engines.com\/wp-content\/uploads\/2026\/02\/dimension-single_transparent-1-150x150.png"},"medium_large":{"file":"dimension-single_transparent-1-768x342.png","width":768,"height":342,"mime-type":"image\/png","filesize":287076,"url":"https:\/\/fogo-engines.com\/wp-content\/uploads\/2026\/02\/dimension-single_transparent-1-768x342.png"}},"image_meta":{"aperture":"0","credit":"","camera":"","caption":"","created_timestamp":"0","copyright":"","focal_length":"0","iso":"0","shutter_speed":"0","title":"","orientation":"0","keywords":[]},"ID":"218599","name":"dimension-single_transparent-1.png","path":"\/autoinstalator\/wordpress\/wp-content\/uploads\/2026\/02\/dimension-single_transparent-1.png","url":"https:\/\/fogo-engines.com\/wp-content\/uploads\/2026\/02\/dimension-single_transparent-1-150x150.png","full_url":"https:\/\/fogo-engines.com\/wp-content\/uploads\/2026\/02\/dimension-single_transparent-1.png","title":"dimension-single_transparent-1.png","caption":"","description":"","alt":"","srcset":false},"emission_class_filter":"3","fuel":"Diesel","gallery":[{"width":150,"height":150,"file":"2025\/12\/D3750V3-CR-TA-16105_1.png","filesize":1029101,"sizes":{"medium":{"file":"D3750V3-CR-TA-16105_1-300x211.png","width":300,"height":211,"mime-type":"image\/png","filesize":55656,"url":"https:\/\/fogo-engines.com\/wp-content\/uploads\/2025\/12\/D3750V3-CR-TA-16105_1-300x211.png"},"large":{"file":"D3750V3-CR-TA-16105_1-1024x720.png","width":1024,"height":720,"mime-type":"image\/png","filesize":440650,"url":"https:\/\/fogo-engines.com\/wp-content\/uploads\/2025\/12\/D3750V3-CR-TA-16105_1-1024x720.png"},"thumbnail":{"file":"D3750V3-CR-TA-16105_1-150x150.png","width":150,"height":150,"mime-type":"image\/png","filesize":27520,"url":"https:\/\/fogo-engines.com\/wp-content\/uploads\/2025\/12\/D3750V3-CR-TA-16105_1-150x150.png"},"medium_large":{"file":"D3750V3-CR-TA-16105_1-768x540.png","width":768,"height":540,"mime-type":"image\/png","filesize":276383,"url":"https:\/\/fogo-engines.com\/wp-content\/uploads\/2025\/12\/D3750V3-CR-TA-16105_1-768x540.png"},"1536x1536":{"file":"D3750V3-CR-TA-16105_1-1536x1080.png","width":1536,"height":1080,"mime-type":"image\/png","filesize":821876,"url":"https:\/\/fogo-engines.com\/wp-content\/uploads\/2025\/12\/D3750V3-CR-TA-16105_1-1536x1080.png"}},"image_meta":{"aperture":"0","credit":"","camera":"","caption":"","created_timestamp":"0","copyright":"","focal_length":"0","iso":"0","shutter_speed":"0","title":"","orientation":"0","keywords":[]},"ID":"217944","name":"D3750V3-CR-TA-16105_1.png","path":"\/autoinstalator\/wordpress\/wp-content\/uploads\/2025\/12\/D3750V3-CR-TA-16105_1.png","url":"https:\/\/fogo-engines.com\/wp-content\/uploads\/2025\/12\/D3750V3-CR-TA-16105_1-150x150.png","full_url":"https:\/\/fogo-engines.com\/wp-content\/uploads\/2025\/12\/D3750V3-CR-TA-16105_1.png","title":"D3750V3-CR-TA-16105_1.png","caption":"","description":"","alt":"","srcset":false}],"description":"F1055-3373 to wysokowydajny 16-cylindrowy silnik wysokopr\u0119\u017cny o mocy wyj\u015bciowej 2700 kWe. Dzi\u0119ki pojemno\u015bci skokowej 105,6 l i zaawansowanej in\u017cynierii, silnik ten zapewnia niezawodn\u0105 moc w r\u00f3\u017cnorodnych zastosowaniach.","pdf":"https:\/\/fogo-engines.com\/wp-content\/uploads\/2026\/02\/F1055-3373.pdf","pdf_pl":"https:\/\/fogo-engines.com\/wp-content\/uploads\/2026\/02\/F1055-3373-PL.pdf","dcp":"YES"},"_links":{"self":[{"href":"https:\/\/fogo-engines.com\/pl\/wp-json\/wp\/v2\/product\/218361","targetHints":{"allow":["GET"]}}],"collection":[{"href":"https:\/\/fogo-engines.com\/pl\/wp-json\/wp\/v2\/product"}],"about":[{"href":"https:\/\/fogo-engines.com\/pl\/wp-json\/wp\/v2\/types\/product"}],"wp:attachment":[{"href":"https:\/\/fogo-engines.com\/pl\/wp-json\/wp\/v2\/media?parent=218361"}],"curies":[{"name":"wp","href":"https:\/\/api.w.org\/{rel}","templated":true}]}}