{"id":218362,"date":"2026-02-12T10:16:34","date_gmt":"2026-02-12T10:16:34","guid":{"rendered":"https:\/\/fogo.nowestronyinternetowe.pl\/product\/f0048-0102\/"},"modified":"2026-02-01T17:07:27","modified_gmt":"2026-02-01T17:07:27","slug":"f0048-0102","status":"publish","type":"product","link":"https:\/\/fogo-engines.com\/pl\/product\/f0048-0102\/","title":{"rendered":"F0048-0102"},"content":{"rendered":"","protected":false},"featured_media":0,"template":"","class_list":["post-218362","product","type-product","status-publish","hentry"],"acf":[],"meta_box":{"engine_model":"F0048-0102","Number_of_cylinders":"4","configuration":"Pionowy, rz\u0119dowy","aspiration":"Turbodo\u0142adowany, z ch\u0142odnic\u0105 powietrze\/powietrze","combustion_system":"Wtrysk bezpo\u015bredni","compression_ratio":"17.5:1","bore_mm":"108","stroke_mm":"132","displacement_l":"4.8","rotation":"Przeciwnie do ruchu wskaz\u00f3wek zegara (patrz\u0105c od strony ko\u0142a zamachowego)","fuel_system":"Mechaniczny","governor":"Elektroniczny","stability_at_constant_load_iso_8528_5_class_g3":"\u2264 +\/- 0.5 %","5060Hzswitchableoperation":"NO","Electricsystemnegativeground":"12V","tropical_radiator_mounted_on_the_engine":"Temperatura otoczenia 50\u00b0C","flywheel_housing_flywheel":"SAE3 \/11.5\"","lubrication_oil_capacity_l":"17","coolant_capacity_l":"26","emission_class":"EU Stage II","gross_engine_output_50hz_prp_kwm":"95","gross_engine_output_50hz_esp_kwm":"105","typical_generator_output_50hz_prp_kwe":"80","typical_generator_output_50hz_prp_kva":"100","typical_generator_output_50hz_esp_kva":"110","hvo_synthetic_fuel_acceptance":"Akceptacja paliwa syntetycznego HVO","fuel_consumption_standby_esp_g_kwh":"25.5","fuel_consumption_standby_esp_l_h":"25.5","fuel_consumption_prime_prp_g_kwh":"195.8","fuel_consumption_prime_prp_l_h":"22.3","fuel_consumption_75_prp_prime_g_kwh":"196.6","fuel_consumption_75_prp_prime_l_h":"16.7","fuel_consumption_50_prp_prime_g_kwh":"195.8","fuel_consumption_50_prp_prime_l_h":"11.1","Mainfeatures":"<p>\u2713 Kompaktowa konstrukcja<br>\u2713 Wysoka g\u0119sto\u015b\u0107 mocy<br>\u2713 Trwa\u0142o\u015b\u0107<br>\u2713 \u0141atwy serwis i konserwacja<br>\u2713 Niskie zu\u017cycie paliwa<br>\u2713 Szeroki wyb\u00f3r wyposa\u017cenia opcjonalnego<br>\u2713 Niski poziom ha\u0142asu<br>\u2713 Dostosowany uk\u0142ad ch\u0142odzenia<\/p>\n","standard_scope_of_supply":"<p>\u2713 \u017beliwny blok cylindr\u00f3w c\/w oddzielna \u017celiwna g\u0142owica cylindr\u00f3w<br>\u2713 T\u0142oki ze stopu aluminium z galeryjnym ch\u0142odzeniem oleju<br>\u2713 Automatyczny napinacz paska, unoszone oczka, sta\u0142e przednie zawieszenie<br>\u2713 Ch\u0142odnica zamontowana na silniku z mechanicznym wentylatorem popychacza, sterowana termostatycznie<br>\u2713 Miska olejowa o du\u017cej pojemno\u015bci, obrotowy filtr oleju o pe\u0142nym przep\u0142ywie, bagnet oleju<br>\u2713 Pompa wtryskowa paliwa o wysokim ci\u015bnieniu wtrysku, wtryskiwacze typu P<br>\u2713 Podw\u00f3jny dok\u0142adny filtr paliwa z separatorem wody<br>\u2713 Podgrzewacz wlotu powietrza<br>\u2713 Turbospr\u0119\u017carka montowana z boku<br>\u2713 Filtr powietrza montowany z ty\u0142u ze wska\u017anikiem oporu<br>\u2713 Instalacja elektryczna 12V DC z rozrusznikiem 3.7kW<br>\u2713 Alternator \u0142aduj\u0105cy 35A<br>\u2713 Izolowany termicznie kolektor wydechowy<\/p>\n","length_mm":"1363","width_mm":"756","height_mm":"1103","weight_kg":"528","main_image":{"width":150,"height":150,"file":"2025\/12\/D110R2-MP-ETA-448_1.png","filesize":1106814,"sizes":{"medium":{"file":"D110R2-MP-ETA-448_1-300x211.png","width":300,"height":211,"mime-type":"image\/png","filesize":46596,"url":"https:\/\/fogo-engines.com\/wp-content\/uploads\/2025\/12\/D110R2-MP-ETA-448_1-300x211.png"},"large":{"file":"D110R2-MP-ETA-448_1-1024x720.png","width":1024,"height":720,"mime-type":"image\/png","filesize":426119,"url":"https:\/\/fogo-engines.com\/wp-content\/uploads\/2025\/12\/D110R2-MP-ETA-448_1-1024x720.png"},"thumbnail":{"file":"D110R2-MP-ETA-448_1-150x150.png","width":150,"height":150,"mime-type":"image\/png","filesize":22632,"url":"https:\/\/fogo-engines.com\/wp-content\/uploads\/2025\/12\/D110R2-MP-ETA-448_1-150x150.png"},"medium_large":{"file":"D110R2-MP-ETA-448_1-768x540.png","width":768,"height":540,"mime-type":"image\/png","filesize":254932,"url":"https:\/\/fogo-engines.com\/wp-content\/uploads\/2025\/12\/D110R2-MP-ETA-448_1-768x540.png"},"1536x1536":{"file":"D110R2-MP-ETA-448_1-1536x1080.png","width":1536,"height":1080,"mime-type":"image\/png","filesize":824165,"url":"https:\/\/fogo-engines.com\/wp-content\/uploads\/2025\/12\/D110R2-MP-ETA-448_1-1536x1080.png"}},"image_meta":{"aperture":"0","credit":"","camera":"","caption":"","created_timestamp":"0","copyright":"","focal_length":"0","iso":"0","shutter_speed":"0","title":"","orientation":"0","keywords":[]},"ID":"217799","name":"D110R2-MP-ETA-448_1.png","path":"\/autoinstalator\/wordpress\/wp-content\/uploads\/2025\/12\/D110R2-MP-ETA-448_1.png","url":"https:\/\/fogo-engines.com\/wp-content\/uploads\/2025\/12\/D110R2-MP-ETA-448_1-150x150.png","full_url":"https:\/\/fogo-engines.com\/wp-content\/uploads\/2025\/12\/D110R2-MP-ETA-448_1.png","title":"D110R2-MP-ETA-448_1.png","caption":"","description":"","alt":"","srcset":false},"dimension":{"width":150,"height":150,"file":"2026\/02\/dimension-single_transparent-1.png","filesize":563704,"sizes":{"medium":{"file":"dimension-single_transparent-1-300x134.png","width":300,"height":134,"mime-type":"image\/png","filesize":58467,"url":"https:\/\/fogo-engines.com\/wp-content\/uploads\/2026\/02\/dimension-single_transparent-1-300x134.png"},"large":{"file":"dimension-single_transparent-1-1024x456.png","width":1024,"height":456,"mime-type":"image\/png","filesize":456208,"url":"https:\/\/fogo-engines.com\/wp-content\/uploads\/2026\/02\/dimension-single_transparent-1-1024x456.png"},"thumbnail":{"file":"dimension-single_transparent-1-150x150.png","width":150,"height":150,"mime-type":"image\/png","filesize":35095,"url":"https:\/\/fogo-engines.com\/wp-content\/uploads\/2026\/02\/dimension-single_transparent-1-150x150.png"},"medium_large":{"file":"dimension-single_transparent-1-768x342.png","width":768,"height":342,"mime-type":"image\/png","filesize":287076,"url":"https:\/\/fogo-engines.com\/wp-content\/uploads\/2026\/02\/dimension-single_transparent-1-768x342.png"}},"image_meta":{"aperture":"0","credit":"","camera":"","caption":"","created_timestamp":"0","copyright":"","focal_length":"0","iso":"0","shutter_speed":"0","title":"","orientation":"0","keywords":[]},"ID":"218599","name":"dimension-single_transparent-1.png","path":"\/autoinstalator\/wordpress\/wp-content\/uploads\/2026\/02\/dimension-single_transparent-1.png","url":"https:\/\/fogo-engines.com\/wp-content\/uploads\/2026\/02\/dimension-single_transparent-1-150x150.png","full_url":"https:\/\/fogo-engines.com\/wp-content\/uploads\/2026\/02\/dimension-single_transparent-1.png","title":"dimension-single_transparent-1.png","caption":"","description":"","alt":"","srcset":false},"emission_class_filter":"2","fuel":"Diesel","gallery":[{"width":150,"height":150,"file":"2025\/12\/D110R2-MP-ETA-448_1.png","filesize":1106814,"sizes":{"medium":{"file":"D110R2-MP-ETA-448_1-300x211.png","width":300,"height":211,"mime-type":"image\/png","filesize":46596,"url":"https:\/\/fogo-engines.com\/wp-content\/uploads\/2025\/12\/D110R2-MP-ETA-448_1-300x211.png"},"large":{"file":"D110R2-MP-ETA-448_1-1024x720.png","width":1024,"height":720,"mime-type":"image\/png","filesize":426119,"url":"https:\/\/fogo-engines.com\/wp-content\/uploads\/2025\/12\/D110R2-MP-ETA-448_1-1024x720.png"},"thumbnail":{"file":"D110R2-MP-ETA-448_1-150x150.png","width":150,"height":150,"mime-type":"image\/png","filesize":22632,"url":"https:\/\/fogo-engines.com\/wp-content\/uploads\/2025\/12\/D110R2-MP-ETA-448_1-150x150.png"},"medium_large":{"file":"D110R2-MP-ETA-448_1-768x540.png","width":768,"height":540,"mime-type":"image\/png","filesize":254932,"url":"https:\/\/fogo-engines.com\/wp-content\/uploads\/2025\/12\/D110R2-MP-ETA-448_1-768x540.png"},"1536x1536":{"file":"D110R2-MP-ETA-448_1-1536x1080.png","width":1536,"height":1080,"mime-type":"image\/png","filesize":824165,"url":"https:\/\/fogo-engines.com\/wp-content\/uploads\/2025\/12\/D110R2-MP-ETA-448_1-1536x1080.png"}},"image_meta":{"aperture":"0","credit":"","camera":"","caption":"","created_timestamp":"0","copyright":"","focal_length":"0","iso":"0","shutter_speed":"0","title":"","orientation":"0","keywords":[]},"ID":"217799","name":"D110R2-MP-ETA-448_1.png","path":"\/autoinstalator\/wordpress\/wp-content\/uploads\/2025\/12\/D110R2-MP-ETA-448_1.png","url":"https:\/\/fogo-engines.com\/wp-content\/uploads\/2025\/12\/D110R2-MP-ETA-448_1-150x150.png","full_url":"https:\/\/fogo-engines.com\/wp-content\/uploads\/2025\/12\/D110R2-MP-ETA-448_1.png","title":"D110R2-MP-ETA-448_1.png","caption":"","description":"","alt":"","srcset":false},{"width":150,"height":150,"file":"2025\/12\/D110R2-MP-ETA-448_2.png","filesize":883171,"sizes":{"medium":{"file":"D110R2-MP-ETA-448_2-300x211.png","width":300,"height":211,"mime-type":"image\/png","filesize":39097,"url":"https:\/\/fogo-engines.com\/wp-content\/uploads\/2025\/12\/D110R2-MP-ETA-448_2-300x211.png"},"large":{"file":"D110R2-MP-ETA-448_2-1024x720.png","width":1024,"height":720,"mime-type":"image\/png","filesize":353195,"url":"https:\/\/fogo-engines.com\/wp-content\/uploads\/2025\/12\/D110R2-MP-ETA-448_2-1024x720.png"},"thumbnail":{"file":"D110R2-MP-ETA-448_2-150x150.png","width":150,"height":150,"mime-type":"image\/png","filesize":18998,"url":"https:\/\/fogo-engines.com\/wp-content\/uploads\/2025\/12\/D110R2-MP-ETA-448_2-150x150.png"},"medium_large":{"file":"D110R2-MP-ETA-448_2-768x540.png","width":768,"height":540,"mime-type":"image\/png","filesize":215438,"url":"https:\/\/fogo-engines.com\/wp-content\/uploads\/2025\/12\/D110R2-MP-ETA-448_2-768x540.png"},"1536x1536":{"file":"D110R2-MP-ETA-448_2-1536x1080.png","width":1536,"height":1080,"mime-type":"image\/png","filesize":664413,"url":"https:\/\/fogo-engines.com\/wp-content\/uploads\/2025\/12\/D110R2-MP-ETA-448_2-1536x1080.png"}},"image_meta":{"aperture":"0","credit":"","camera":"","caption":"","created_timestamp":"0","copyright":"","focal_length":"0","iso":"0","shutter_speed":"0","title":"","orientation":"0","keywords":[]},"ID":"217800","name":"D110R2-MP-ETA-448_2.png","path":"\/autoinstalator\/wordpress\/wp-content\/uploads\/2025\/12\/D110R2-MP-ETA-448_2.png","url":"https:\/\/fogo-engines.com\/wp-content\/uploads\/2025\/12\/D110R2-MP-ETA-448_2-150x150.png","full_url":"https:\/\/fogo-engines.com\/wp-content\/uploads\/2025\/12\/D110R2-MP-ETA-448_2.png","title":"D110R2-MP-ETA-448_2.png","caption":"","description":"","alt":"","srcset":false}],"description":"Zaprojektowany z my\u015bl\u0105 o najwy\u017cszej wydajno\u015bci, model F0048-0102 zapewnia moc 80 kWe dzi\u0119ki zaawansowanej technologii turbodo\u0142adowania. Ten 4-cylindrowy silnik wysokopr\u0119\u017cny o pojemno\u015bci 4,8 l \u0142\u0105czy w sobie wysok\u0105 wydajno\u015b\u0107 z solidn\u0105 konstrukcj\u0105 dla wymagaj\u0105cych potrzeb wytwarzania energii.","pdf":"https:\/\/fogo-engines.com\/wp-content\/uploads\/2026\/02\/F0048-0102.pdf","pdf_pl":"https:\/\/fogo-engines.com\/wp-content\/uploads\/2026\/02\/F0048-0102-PL.pdf","dcp":""},"_links":{"self":[{"href":"https:\/\/fogo-engines.com\/pl\/wp-json\/wp\/v2\/product\/218362","targetHints":{"allow":["GET"]}}],"collection":[{"href":"https:\/\/fogo-engines.com\/pl\/wp-json\/wp\/v2\/product"}],"about":[{"href":"https:\/\/fogo-engines.com\/pl\/wp-json\/wp\/v2\/types\/product"}],"wp:attachment":[{"href":"https:\/\/fogo-engines.com\/pl\/wp-json\/wp\/v2\/media?parent=218362"}],"curies":[{"name":"wp","href":"https:\/\/api.w.org\/{rel}","templated":true}]}}