{"id":218369,"date":"2026-02-12T10:16:34","date_gmt":"2026-02-12T10:16:34","guid":{"rendered":"https:\/\/fogo.nowestronyinternetowe.pl\/product\/f0129-0503\/"},"modified":"2026-02-01T17:07:38","modified_gmt":"2026-02-01T17:07:38","slug":"f0129-0503","status":"publish","type":"product","link":"https:\/\/fogo-engines.com\/pl\/product\/f0129-0503\/","title":{"rendered":"F0129-0503"},"content":{"rendered":"","protected":false},"featured_media":0,"template":"","class_list":["post-218369","product","type-product","status-publish","hentry"],"acf":[],"meta_box":{"engine_model":"F0129-0503","Number_of_cylinders":"6","configuration":"Pionowy, rz\u0119dowy","aspiration":"Turbodo\u0142adowany z ch\u0142odnic\u0105 mi\u0119dzystopniow\u0105","combustion_system":"Wtrysk bezpo\u015bredni","compression_ratio":"17.5:1","bore_mm":"129","stroke_mm":"165","displacement_l":"12.94","rotation":"Przeciwnie do ruchu wskaz\u00f3wek zegara (patrz\u0105c od strony ko\u0142a zamachowego)","fuel_system":"Common Rail wysokiego ci\u015bnienia","governor":"ECU","stability_at_constant_load_iso_8528_5_class_g3":"\u2264 +\/- 0.5 %","5060Hzswitchableoperation":"NO","Electricsystemnegativeground":"24V","tropical_radiator_mounted_on_the_engine":"Temperatura otoczenia 50\u00b0C","flywheel_housing_flywheel":"SAE1 \/14\"","lubrication_oil_capacity_l":"34","coolant_capacity_l":"88","emission_class":"EU Stage IIIA","gross_engine_output_50hz_prp_kwm":"441","gross_engine_output_50hz_esp_kwm":"490","typical_generator_output_50hz_prp_kwe":"400","typical_generator_output_50hz_prp_kva":"500","typical_generator_output_50hz_esp_kva":"550","hvo_synthetic_fuel_acceptance":"Akceptacja paliwa syntetycznego HVO","fuel_consumption_standby_esp_g_kwh":"116.2","fuel_consumption_standby_esp_l_h":"116.2","fuel_consumption_prime_prp_g_kwh":"194.9","fuel_consumption_prime_prp_l_h":"103.0","fuel_consumption_75_prp_prime_g_kwh":"193.9","fuel_consumption_75_prp_prime_l_h":"76.8","fuel_consumption_50_prp_prime_g_kwh":"191.8","fuel_consumption_50_prp_prime_l_h":"50.7","Mainfeatures":"<p>\u2713 Kompaktowa konstrukcja<br>\u2713 Wysoka g\u0119sto\u015b\u0107 mocy<br>\u2713 Trwa\u0142o\u015b\u0107<br>\u2713 \u0141atwy serwis i konserwacja<br>\u2713 Niskie zu\u017cycie paliwa<br>\u2713 Szeroki wyb\u00f3r wyposa\u017cenia opcjonalnego<br>\u2713 Niski poziom ha\u0142asu<br>\u2713 Dostosowany uk\u0142ad ch\u0142odzenia<\/p>\n","standard_scope_of_supply":"<p>\u2713 \u017beliwny blok cylindr\u00f3w z oddzieln\u0105 \u017celiwn\u0105 g\u0142owic\u0105<br>\u2713 T\u0142oki ze stopu aluminium z galeryjnym ch\u0142odzeniem oleju<br>\u2713 Automatyczny napinacz paska, podno\u015bniki, sta\u0142e przednie zawieszenie<br>\u2713 Ch\u0142odnica z mechanicznym wentylatorem popychacza, sterowana termostatycznie<br>\u2713 Miska olejowa o du\u017cej pojemno\u015bci,<br>wysokoci\u015bnieniowy uk\u0142ad common-rail, wtryskiwacze wielostrumieniowe, ECU<br>\u2713 Podw\u00f3jny filtr paliwa z separatorem wody<br>\u2713 Podgrzewacz wlotu powietrza<br>\u2713 Turbospr\u0119\u017carka montowana z boku<br>\u2713 Filtr powietrza montowany z ty\u0142u ze wska\u017anikiem oporu powietrza<br>\u2713 Instalacja elektryczna 24 V DC z rozrusznikiem 8.Rozrusznik o mocy 5 kW<br>\u2713 Alternator \u0142aduj\u0105cy 27 A<br>\u2713 Izolowany termicznie kolektor wydechowy<\/p>\n","length_mm":"2072","width_mm":"985","height_mm":"1450","weight_kg":"1525","main_image":{"width":150,"height":150,"file":"2025\/12\/D550R3-CR-TA-613_1.png","filesize":1126649,"sizes":{"medium":{"file":"D550R3-CR-TA-613_1-300x211.png","width":300,"height":211,"mime-type":"image\/png","filesize":42335,"url":"https:\/\/fogo-engines.com\/wp-content\/uploads\/2025\/12\/D550R3-CR-TA-613_1-300x211.png"},"large":{"file":"D550R3-CR-TA-613_1-1024x720.png","width":1024,"height":720,"mime-type":"image\/png","filesize":411820,"url":"https:\/\/fogo-engines.com\/wp-content\/uploads\/2025\/12\/D550R3-CR-TA-613_1-1024x720.png"},"thumbnail":{"file":"D550R3-CR-TA-613_1-150x150.png","width":150,"height":150,"mime-type":"image\/png","filesize":20721,"url":"https:\/\/fogo-engines.com\/wp-content\/uploads\/2025\/12\/D550R3-CR-TA-613_1-150x150.png"},"medium_large":{"file":"D550R3-CR-TA-613_1-768x540.png","width":768,"height":540,"mime-type":"image\/png","filesize":239918,"url":"https:\/\/fogo-engines.com\/wp-content\/uploads\/2025\/12\/D550R3-CR-TA-613_1-768x540.png"},"1536x1536":{"file":"D550R3-CR-TA-613_1-1536x1080.png","width":1536,"height":1080,"mime-type":"image\/png","filesize":834229,"url":"https:\/\/fogo-engines.com\/wp-content\/uploads\/2025\/12\/D550R3-CR-TA-613_1-1536x1080.png"}},"image_meta":{"aperture":"0","credit":"","camera":"","caption":"","created_timestamp":"0","copyright":"","focal_length":"0","iso":"0","shutter_speed":"0","title":"","orientation":"0","keywords":[]},"ID":"217847","name":"D550R3-CR-TA-613_1.png","path":"\/autoinstalator\/wordpress\/wp-content\/uploads\/2025\/12\/D550R3-CR-TA-613_1.png","url":"https:\/\/fogo-engines.com\/wp-content\/uploads\/2025\/12\/D550R3-CR-TA-613_1-150x150.png","full_url":"https:\/\/fogo-engines.com\/wp-content\/uploads\/2025\/12\/D550R3-CR-TA-613_1.png","title":"D550R3-CR-TA-613_1.png","caption":"","description":"","alt":"","srcset":false},"dimension":{"width":150,"height":150,"file":"2026\/02\/dimension-single_transparent-1.png","filesize":563704,"sizes":{"medium":{"file":"dimension-single_transparent-1-300x134.png","width":300,"height":134,"mime-type":"image\/png","filesize":58467,"url":"https:\/\/fogo-engines.com\/wp-content\/uploads\/2026\/02\/dimension-single_transparent-1-300x134.png"},"large":{"file":"dimension-single_transparent-1-1024x456.png","width":1024,"height":456,"mime-type":"image\/png","filesize":456208,"url":"https:\/\/fogo-engines.com\/wp-content\/uploads\/2026\/02\/dimension-single_transparent-1-1024x456.png"},"thumbnail":{"file":"dimension-single_transparent-1-150x150.png","width":150,"height":150,"mime-type":"image\/png","filesize":35095,"url":"https:\/\/fogo-engines.com\/wp-content\/uploads\/2026\/02\/dimension-single_transparent-1-150x150.png"},"medium_large":{"file":"dimension-single_transparent-1-768x342.png","width":768,"height":342,"mime-type":"image\/png","filesize":287076,"url":"https:\/\/fogo-engines.com\/wp-content\/uploads\/2026\/02\/dimension-single_transparent-1-768x342.png"}},"image_meta":{"aperture":"0","credit":"","camera":"","caption":"","created_timestamp":"0","copyright":"","focal_length":"0","iso":"0","shutter_speed":"0","title":"","orientation":"0","keywords":[]},"ID":"218599","name":"dimension-single_transparent-1.png","path":"\/autoinstalator\/wordpress\/wp-content\/uploads\/2026\/02\/dimension-single_transparent-1.png","url":"https:\/\/fogo-engines.com\/wp-content\/uploads\/2026\/02\/dimension-single_transparent-1-150x150.png","full_url":"https:\/\/fogo-engines.com\/wp-content\/uploads\/2026\/02\/dimension-single_transparent-1.png","title":"dimension-single_transparent-1.png","caption":"","description":"","alt":"","srcset":false},"emission_class_filter":"3","fuel":"Diesel","gallery":[{"width":150,"height":150,"file":"2025\/12\/D550R3-CR-TA-613_1.png","filesize":1126649,"sizes":{"medium":{"file":"D550R3-CR-TA-613_1-300x211.png","width":300,"height":211,"mime-type":"image\/png","filesize":42335,"url":"https:\/\/fogo-engines.com\/wp-content\/uploads\/2025\/12\/D550R3-CR-TA-613_1-300x211.png"},"large":{"file":"D550R3-CR-TA-613_1-1024x720.png","width":1024,"height":720,"mime-type":"image\/png","filesize":411820,"url":"https:\/\/fogo-engines.com\/wp-content\/uploads\/2025\/12\/D550R3-CR-TA-613_1-1024x720.png"},"thumbnail":{"file":"D550R3-CR-TA-613_1-150x150.png","width":150,"height":150,"mime-type":"image\/png","filesize":20721,"url":"https:\/\/fogo-engines.com\/wp-content\/uploads\/2025\/12\/D550R3-CR-TA-613_1-150x150.png"},"medium_large":{"file":"D550R3-CR-TA-613_1-768x540.png","width":768,"height":540,"mime-type":"image\/png","filesize":239918,"url":"https:\/\/fogo-engines.com\/wp-content\/uploads\/2025\/12\/D550R3-CR-TA-613_1-768x540.png"},"1536x1536":{"file":"D550R3-CR-TA-613_1-1536x1080.png","width":1536,"height":1080,"mime-type":"image\/png","filesize":834229,"url":"https:\/\/fogo-engines.com\/wp-content\/uploads\/2025\/12\/D550R3-CR-TA-613_1-1536x1080.png"}},"image_meta":{"aperture":"0","credit":"","camera":"","caption":"","created_timestamp":"0","copyright":"","focal_length":"0","iso":"0","shutter_speed":"0","title":"","orientation":"0","keywords":[]},"ID":"217847","name":"D550R3-CR-TA-613_1.png","path":"\/autoinstalator\/wordpress\/wp-content\/uploads\/2025\/12\/D550R3-CR-TA-613_1.png","url":"https:\/\/fogo-engines.com\/wp-content\/uploads\/2025\/12\/D550R3-CR-TA-613_1-150x150.png","full_url":"https:\/\/fogo-engines.com\/wp-content\/uploads\/2025\/12\/D550R3-CR-TA-613_1.png","title":"D550R3-CR-TA-613_1.png","caption":"","description":"","alt":"","srcset":false},{"width":150,"height":150,"file":"2025\/12\/D550R3-CR-TA-613_2.png","filesize":985907,"sizes":{"medium":{"file":"D550R3-CR-TA-613_2-300x211.png","width":300,"height":211,"mime-type":"image\/png","filesize":39894,"url":"https:\/\/fogo-engines.com\/wp-content\/uploads\/2025\/12\/D550R3-CR-TA-613_2-300x211.png"},"large":{"file":"D550R3-CR-TA-613_2-1024x720.png","width":1024,"height":720,"mime-type":"image\/png","filesize":356223,"url":"https:\/\/fogo-engines.com\/wp-content\/uploads\/2025\/12\/D550R3-CR-TA-613_2-1024x720.png"},"thumbnail":{"file":"D550R3-CR-TA-613_2-150x150.png","width":150,"height":150,"mime-type":"image\/png","filesize":19342,"url":"https:\/\/fogo-engines.com\/wp-content\/uploads\/2025\/12\/D550R3-CR-TA-613_2-150x150.png"},"medium_large":{"file":"D550R3-CR-TA-613_2-768x540.png","width":768,"height":540,"mime-type":"image\/png","filesize":213174,"url":"https:\/\/fogo-engines.com\/wp-content\/uploads\/2025\/12\/D550R3-CR-TA-613_2-768x540.png"},"1536x1536":{"file":"D550R3-CR-TA-613_2-1536x1080.png","width":1536,"height":1080,"mime-type":"image\/png","filesize":708645,"url":"https:\/\/fogo-engines.com\/wp-content\/uploads\/2025\/12\/D550R3-CR-TA-613_2-1536x1080.png"}},"image_meta":{"aperture":"0","credit":"","camera":"","caption":"","created_timestamp":"0","copyright":"","focal_length":"0","iso":"0","shutter_speed":"0","title":"","orientation":"0","keywords":[]},"ID":"217849","name":"D550R3-CR-TA-613_2.png","path":"\/autoinstalator\/wordpress\/wp-content\/uploads\/2025\/12\/D550R3-CR-TA-613_2.png","url":"https:\/\/fogo-engines.com\/wp-content\/uploads\/2025\/12\/D550R3-CR-TA-613_2-150x150.png","full_url":"https:\/\/fogo-engines.com\/wp-content\/uploads\/2025\/12\/D550R3-CR-TA-613_2.png","title":"D550R3-CR-TA-613_2.png","caption":"","description":"","alt":"","srcset":false}],"description":"Zaprojektowany z my\u015bl\u0105 o najwy\u017cszej wydajno\u015bci, model F0129-0503 zapewnia 400 kWe mocy wyj\u015bciowej dzi\u0119ki zaawansowanej technologii turbodo\u0142adowania. Ten 6-cylindrowy silnik wysokopr\u0119\u017cny o pojemno\u015bci 12,94 l \u0142\u0105czy w sobie wysok\u0105 wydajno\u015b\u0107 z solidn\u0105 konstrukcj\u0105 dla wymagaj\u0105cych potrzeb wytwarzania energii.","pdf":"https:\/\/fogo-engines.com\/wp-content\/uploads\/2026\/02\/F0129-0503.pdf","pdf_pl":"https:\/\/fogo-engines.com\/wp-content\/uploads\/2026\/02\/F0129-0503-PL.pdf","dcp":""},"_links":{"self":[{"href":"https:\/\/fogo-engines.com\/pl\/wp-json\/wp\/v2\/product\/218369","targetHints":{"allow":["GET"]}}],"collection":[{"href":"https:\/\/fogo-engines.com\/pl\/wp-json\/wp\/v2\/product"}],"about":[{"href":"https:\/\/fogo-engines.com\/pl\/wp-json\/wp\/v2\/types\/product"}],"wp:attachment":[{"href":"https:\/\/fogo-engines.com\/pl\/wp-json\/wp\/v2\/media?parent=218369"}],"curies":[{"name":"wp","href":"https:\/\/api.w.org\/{rel}","templated":true}]}}