{"id":218370,"date":"2026-02-12T10:16:34","date_gmt":"2026-02-12T10:16:34","guid":{"rendered":"https:\/\/fogo.nowestronyinternetowe.pl\/product\/f0117-0372\/"},"modified":"2026-02-01T17:07:37","modified_gmt":"2026-02-01T17:07:37","slug":"f0117-0372","status":"publish","type":"product","link":"https:\/\/fogo-engines.com\/pl\/product\/f0117-0372\/","title":{"rendered":"F0117-0372"},"content":{"rendered":"","protected":false},"featured_media":0,"template":"","class_list":["post-218370","product","type-product","status-publish","hentry"],"acf":[],"meta_box":{"engine_model":"F0117-0372","Number_of_cylinders":"6","configuration":"Pionowy, rz\u0119dowy","aspiration":"Turbodo\u0142adowany, z ch\u0142odnic\u0105 powietrze\/powietrze","combustion_system":"Wtrysk bezpo\u015bredni","compression_ratio":"16.8:1","bore_mm":"131","stroke_mm":"145","displacement_l":"11.73","rotation":"Przeciwnie do ruchu wskaz\u00f3wek zegara (patrz\u0105c od strony ko\u0142a zamachowego)","fuel_system":"Mechaniczny","governor":"Elektroniczny","stability_at_constant_load_iso_8528_5_class_g3":"\u2264 +\/- 0.5 %","5060Hzswitchableoperation":"YES","Electricsystemnegativeground":"24V","tropical_radiator_mounted_on_the_engine":"Temperatura otoczenia 50\u00b0C","flywheel_housing_flywheel":"SAE1 \/14\"","lubrication_oil_capacity_l":"37","coolant_capacity_l":"62","emission_class":"EU Stage II","gross_engine_output_50hz_prp_kwm":"336","gross_engine_output_50hz_esp_kwm":"370","typical_generator_output_50hz_prp_kwe":"330","typical_generator_output_50hz_prp_kva":"375","typical_generator_output_50hz_esp_kva":"412","hvo_synthetic_fuel_acceptance":"Akceptacja paliwa syntetycznego HVO","fuel_consumption_standby_esp_g_kwh":"86.3","fuel_consumption_standby_esp_l_h":"86.3","fuel_consumption_prime_prp_g_kwh":"192.3","fuel_consumption_prime_prp_l_h":"77.6","fuel_consumption_75_prp_prime_g_kwh":"188.2","fuel_consumption_75_prp_prime_l_h":"57.3","fuel_consumption_50_prp_prime_g_kwh":"190.5","fuel_consumption_50_prp_prime_l_h":"38.7","Mainfeatures":"<p>\u2713 Kompaktowa konstrukcja<br>\u2713 Wysoka g\u0119sto\u015b\u0107 mocy<br>\u2713 Trwa\u0142o\u015b\u0107<br>\u2713 \u0141atwy serwis i konserwacja<br>\u2713 Niskie zu\u017cycie paliwa<br>\u2713 Szeroki wyb\u00f3r wyposa\u017cenia opcjonalnego<br>\u2713 Niski poziom ha\u0142asu<br>\u2713 Dostosowany uk\u0142ad ch\u0142odzenia<\/p>\n","standard_scope_of_supply":"<p>\u2713 \u017beliwny blok cylindr\u00f3w c\/w oddzielna \u017celiwna g\u0142owica cylindr\u00f3w<br>\u2713 T\u0142oki ze stopu aluminium z galeryjnym ch\u0142odzeniem oleju<br>\u2713 Automatyczny napinacz paska, ucha do podnoszenia, sta\u0142e zawieszenie przednie<br>\u2713 Ch\u0142odnica z mechanicznym wentylatorem popychacza, sterowana termostatycznie<br>\u2713 Miska olejowa o du\u017cej pojemno\u015bci, obrotowy filtr oleju o pe\u0142nym przep\u0142ywie, bagnet oleju<br>\u2713 Pompa wtryskowa paliwa o wysokim ci\u015bnieniu wtrysku, wtryskiwacze typu P<br>\u2713 Podw\u00f3jny dok\u0142adny filtr paliwa z separatorem wody<br>\u2713 Podgrzewacz wlotu powietrza<br>\u2713 Turbospr\u0119\u017carka montowana z boku<br>\u2713 Filtr powietrza montowany z ty\u0142u ze wska\u017anikiem oporu<br>\u2713 Uk\u0142ad elektryczny 24 V DC z rozrusznikiem 9 kW<br>\u2713 Alternator \u0142aduj\u0105cy 55 A<br>\u2713 Kolektor wydechowy z izolacj\u0105 ciepln\u0105<\/p>\n","length_mm":"2146","width_mm":"1125","height_mm":"1450","weight_kg":"1215","main_image":{"width":150,"height":150,"file":"2025\/12\/D400R2-MP-ETA-612_1.png","filesize":1039837,"sizes":{"medium":{"file":"D400R2-MP-ETA-612_1-300x211.png","width":300,"height":211,"mime-type":"image\/png","filesize":43996,"url":"https:\/\/fogo-engines.com\/wp-content\/uploads\/2025\/12\/D400R2-MP-ETA-612_1-300x211.png"},"large":{"file":"D400R2-MP-ETA-612_1-1024x720.png","width":1024,"height":720,"mime-type":"image\/png","filesize":387443,"url":"https:\/\/fogo-engines.com\/wp-content\/uploads\/2025\/12\/D400R2-MP-ETA-612_1-1024x720.png"},"thumbnail":{"file":"D400R2-MP-ETA-612_1-150x150.png","width":150,"height":150,"mime-type":"image\/png","filesize":21595,"url":"https:\/\/fogo-engines.com\/wp-content\/uploads\/2025\/12\/D400R2-MP-ETA-612_1-150x150.png"},"medium_large":{"file":"D400R2-MP-ETA-612_1-768x540.png","width":768,"height":540,"mime-type":"image\/png","filesize":229333,"url":"https:\/\/fogo-engines.com\/wp-content\/uploads\/2025\/12\/D400R2-MP-ETA-612_1-768x540.png"},"1536x1536":{"file":"D400R2-MP-ETA-612_1-1536x1080.png","width":1536,"height":1080,"mime-type":"image\/png","filesize":770035,"url":"https:\/\/fogo-engines.com\/wp-content\/uploads\/2025\/12\/D400R2-MP-ETA-612_1-1536x1080.png"}},"image_meta":{"aperture":"0","credit":"","camera":"","caption":"","created_timestamp":"0","copyright":"","focal_length":"0","iso":"0","shutter_speed":"0","title":"","orientation":"0","keywords":[]},"ID":"217823","name":"D400R2-MP-ETA-612_1.png","path":"\/autoinstalator\/wordpress\/wp-content\/uploads\/2025\/12\/D400R2-MP-ETA-612_1.png","url":"https:\/\/fogo-engines.com\/wp-content\/uploads\/2025\/12\/D400R2-MP-ETA-612_1-150x150.png","full_url":"https:\/\/fogo-engines.com\/wp-content\/uploads\/2025\/12\/D400R2-MP-ETA-612_1.png","title":"D400R2-MP-ETA-612_1.png","caption":"","description":"","alt":"","srcset":false},"dimension":{"width":150,"height":150,"file":"2026\/02\/dimension-single_transparent-1.png","filesize":563704,"sizes":{"medium":{"file":"dimension-single_transparent-1-300x134.png","width":300,"height":134,"mime-type":"image\/png","filesize":58467,"url":"https:\/\/fogo-engines.com\/wp-content\/uploads\/2026\/02\/dimension-single_transparent-1-300x134.png"},"large":{"file":"dimension-single_transparent-1-1024x456.png","width":1024,"height":456,"mime-type":"image\/png","filesize":456208,"url":"https:\/\/fogo-engines.com\/wp-content\/uploads\/2026\/02\/dimension-single_transparent-1-1024x456.png"},"thumbnail":{"file":"dimension-single_transparent-1-150x150.png","width":150,"height":150,"mime-type":"image\/png","filesize":35095,"url":"https:\/\/fogo-engines.com\/wp-content\/uploads\/2026\/02\/dimension-single_transparent-1-150x150.png"},"medium_large":{"file":"dimension-single_transparent-1-768x342.png","width":768,"height":342,"mime-type":"image\/png","filesize":287076,"url":"https:\/\/fogo-engines.com\/wp-content\/uploads\/2026\/02\/dimension-single_transparent-1-768x342.png"}},"image_meta":{"aperture":"0","credit":"","camera":"","caption":"","created_timestamp":"0","copyright":"","focal_length":"0","iso":"0","shutter_speed":"0","title":"","orientation":"0","keywords":[]},"ID":"218599","name":"dimension-single_transparent-1.png","path":"\/autoinstalator\/wordpress\/wp-content\/uploads\/2026\/02\/dimension-single_transparent-1.png","url":"https:\/\/fogo-engines.com\/wp-content\/uploads\/2026\/02\/dimension-single_transparent-1-150x150.png","full_url":"https:\/\/fogo-engines.com\/wp-content\/uploads\/2026\/02\/dimension-single_transparent-1.png","title":"dimension-single_transparent-1.png","caption":"","description":"","alt":"","srcset":false},"emission_class_filter":"2","fuel":"Diesel","gallery":[{"width":150,"height":150,"file":"2025\/12\/D400R2-MP-ETA-612_1.png","filesize":1039837,"sizes":{"medium":{"file":"D400R2-MP-ETA-612_1-300x211.png","width":300,"height":211,"mime-type":"image\/png","filesize":43996,"url":"https:\/\/fogo-engines.com\/wp-content\/uploads\/2025\/12\/D400R2-MP-ETA-612_1-300x211.png"},"large":{"file":"D400R2-MP-ETA-612_1-1024x720.png","width":1024,"height":720,"mime-type":"image\/png","filesize":387443,"url":"https:\/\/fogo-engines.com\/wp-content\/uploads\/2025\/12\/D400R2-MP-ETA-612_1-1024x720.png"},"thumbnail":{"file":"D400R2-MP-ETA-612_1-150x150.png","width":150,"height":150,"mime-type":"image\/png","filesize":21595,"url":"https:\/\/fogo-engines.com\/wp-content\/uploads\/2025\/12\/D400R2-MP-ETA-612_1-150x150.png"},"medium_large":{"file":"D400R2-MP-ETA-612_1-768x540.png","width":768,"height":540,"mime-type":"image\/png","filesize":229333,"url":"https:\/\/fogo-engines.com\/wp-content\/uploads\/2025\/12\/D400R2-MP-ETA-612_1-768x540.png"},"1536x1536":{"file":"D400R2-MP-ETA-612_1-1536x1080.png","width":1536,"height":1080,"mime-type":"image\/png","filesize":770035,"url":"https:\/\/fogo-engines.com\/wp-content\/uploads\/2025\/12\/D400R2-MP-ETA-612_1-1536x1080.png"}},"image_meta":{"aperture":"0","credit":"","camera":"","caption":"","created_timestamp":"0","copyright":"","focal_length":"0","iso":"0","shutter_speed":"0","title":"","orientation":"0","keywords":[]},"ID":"217823","name":"D400R2-MP-ETA-612_1.png","path":"\/autoinstalator\/wordpress\/wp-content\/uploads\/2025\/12\/D400R2-MP-ETA-612_1.png","url":"https:\/\/fogo-engines.com\/wp-content\/uploads\/2025\/12\/D400R2-MP-ETA-612_1-150x150.png","full_url":"https:\/\/fogo-engines.com\/wp-content\/uploads\/2025\/12\/D400R2-MP-ETA-612_1.png","title":"D400R2-MP-ETA-612_1.png","caption":"","description":"","alt":"","srcset":false},{"width":150,"height":150,"file":"2025\/12\/D400R2-MP-ETA-612_2.png","filesize":1142269,"sizes":{"medium":{"file":"D400R2-MP-ETA-612_2-300x211.png","width":300,"height":211,"mime-type":"image\/png","filesize":49462,"url":"https:\/\/fogo-engines.com\/wp-content\/uploads\/2025\/12\/D400R2-MP-ETA-612_2-300x211.png"},"large":{"file":"D400R2-MP-ETA-612_2-1024x720.png","width":1024,"height":720,"mime-type":"image\/png","filesize":441026,"url":"https:\/\/fogo-engines.com\/wp-content\/uploads\/2025\/12\/D400R2-MP-ETA-612_2-1024x720.png"},"thumbnail":{"file":"D400R2-MP-ETA-612_2-150x150.png","width":150,"height":150,"mime-type":"image\/png","filesize":25035,"url":"https:\/\/fogo-engines.com\/wp-content\/uploads\/2025\/12\/D400R2-MP-ETA-612_2-150x150.png"},"medium_large":{"file":"D400R2-MP-ETA-612_2-768x540.png","width":768,"height":540,"mime-type":"image\/png","filesize":261908,"url":"https:\/\/fogo-engines.com\/wp-content\/uploads\/2025\/12\/D400R2-MP-ETA-612_2-768x540.png"},"1536x1536":{"file":"D400R2-MP-ETA-612_2-1536x1080.png","width":1536,"height":1080,"mime-type":"image\/png","filesize":870453,"url":"https:\/\/fogo-engines.com\/wp-content\/uploads\/2025\/12\/D400R2-MP-ETA-612_2-1536x1080.png"}},"image_meta":{"aperture":"0","credit":"","camera":"","caption":"","created_timestamp":"0","copyright":"","focal_length":"0","iso":"0","shutter_speed":"0","title":"","orientation":"0","keywords":[]},"ID":"217825","name":"D400R2-MP-ETA-612_2.png","path":"\/autoinstalator\/wordpress\/wp-content\/uploads\/2025\/12\/D400R2-MP-ETA-612_2.png","url":"https:\/\/fogo-engines.com\/wp-content\/uploads\/2025\/12\/D400R2-MP-ETA-612_2-150x150.png","full_url":"https:\/\/fogo-engines.com\/wp-content\/uploads\/2025\/12\/D400R2-MP-ETA-612_2.png","title":"D400R2-MP-ETA-612_2.png","caption":"","description":"","alt":"","srcset":false},{"width":150,"height":150,"file":"2025\/12\/D400R2-MP-ETA-612_3.png","filesize":1254763,"sizes":{"medium":{"file":"D400R2-MP-ETA-612_3-300x211.png","width":300,"height":211,"mime-type":"image\/png","filesize":52694,"url":"https:\/\/fogo-engines.com\/wp-content\/uploads\/2025\/12\/D400R2-MP-ETA-612_3-300x211.png"},"large":{"file":"D400R2-MP-ETA-612_3-1024x720.png","width":1024,"height":720,"mime-type":"image\/png","filesize":473757,"url":"https:\/\/fogo-engines.com\/wp-content\/uploads\/2025\/12\/D400R2-MP-ETA-612_3-1024x720.png"},"thumbnail":{"file":"D400R2-MP-ETA-612_3-150x150.png","width":150,"height":150,"mime-type":"image\/png","filesize":25661,"url":"https:\/\/fogo-engines.com\/wp-content\/uploads\/2025\/12\/D400R2-MP-ETA-612_3-150x150.png"},"medium_large":{"file":"D400R2-MP-ETA-612_3-768x540.png","width":768,"height":540,"mime-type":"image\/png","filesize":280256,"url":"https:\/\/fogo-engines.com\/wp-content\/uploads\/2025\/12\/D400R2-MP-ETA-612_3-768x540.png"},"1536x1536":{"file":"D400R2-MP-ETA-612_3-1536x1080.png","width":1536,"height":1080,"mime-type":"image\/png","filesize":949386,"url":"https:\/\/fogo-engines.com\/wp-content\/uploads\/2025\/12\/D400R2-MP-ETA-612_3-1536x1080.png"}},"image_meta":{"aperture":"0","credit":"","camera":"","caption":"","created_timestamp":"0","copyright":"","focal_length":"0","iso":"0","shutter_speed":"0","title":"","orientation":"0","keywords":[]},"ID":"217827","name":"D400R2-MP-ETA-612_3.png","path":"\/autoinstalator\/wordpress\/wp-content\/uploads\/2025\/12\/D400R2-MP-ETA-612_3.png","url":"https:\/\/fogo-engines.com\/wp-content\/uploads\/2025\/12\/D400R2-MP-ETA-612_3-150x150.png","full_url":"https:\/\/fogo-engines.com\/wp-content\/uploads\/2025\/12\/D400R2-MP-ETA-612_3.png","title":"D400R2-MP-ETA-612_3.png","caption":"","description":"","alt":"","srcset":false},{"width":150,"height":150,"file":"2025\/12\/D400R2-MP-ETA-612_4.png","filesize":1272651,"sizes":{"medium":{"file":"D400R2-MP-ETA-612_4-300x211.png","width":300,"height":211,"mime-type":"image\/png","filesize":54626,"url":"https:\/\/fogo-engines.com\/wp-content\/uploads\/2025\/12\/D400R2-MP-ETA-612_4-300x211.png"},"large":{"file":"D400R2-MP-ETA-612_4-1024x720.png","width":1024,"height":720,"mime-type":"image\/png","filesize":494819,"url":"https:\/\/fogo-engines.com\/wp-content\/uploads\/2025\/12\/D400R2-MP-ETA-612_4-1024x720.png"},"thumbnail":{"file":"D400R2-MP-ETA-612_4-150x150.png","width":150,"height":150,"mime-type":"image\/png","filesize":28275,"url":"https:\/\/fogo-engines.com\/wp-content\/uploads\/2025\/12\/D400R2-MP-ETA-612_4-150x150.png"},"medium_large":{"file":"D400R2-MP-ETA-612_4-768x540.png","width":768,"height":540,"mime-type":"image\/png","filesize":294705,"url":"https:\/\/fogo-engines.com\/wp-content\/uploads\/2025\/12\/D400R2-MP-ETA-612_4-768x540.png"},"1536x1536":{"file":"D400R2-MP-ETA-612_4-1536x1080.png","width":1536,"height":1080,"mime-type":"image\/png","filesize":976915,"url":"https:\/\/fogo-engines.com\/wp-content\/uploads\/2025\/12\/D400R2-MP-ETA-612_4-1536x1080.png"}},"image_meta":{"aperture":"0","credit":"","camera":"","caption":"","created_timestamp":"0","copyright":"","focal_length":"0","iso":"0","shutter_speed":"0","title":"","orientation":"0","keywords":[]},"ID":"217829","name":"D400R2-MP-ETA-612_4.png","path":"\/autoinstalator\/wordpress\/wp-content\/uploads\/2025\/12\/D400R2-MP-ETA-612_4.png","url":"https:\/\/fogo-engines.com\/wp-content\/uploads\/2025\/12\/D400R2-MP-ETA-612_4-150x150.png","full_url":"https:\/\/fogo-engines.com\/wp-content\/uploads\/2025\/12\/D400R2-MP-ETA-612_4.png","title":"D400R2-MP-ETA-612_4.png","caption":"","description":"","alt":"","srcset":false}],"description":"Zaprojektowany z my\u015bl\u0105 o najwy\u017cszej wydajno\u015bci, model F0117-0372 zapewnia 330 kWe mocy wyj\u015bciowej dzi\u0119ki zaawansowanej technologii turbodo\u0142adowania. Ten 6-cylindrowy silnik wysokopr\u0119\u017cny o pojemno\u015bci 11,73 l \u0142\u0105czy w sobie wysok\u0105 wydajno\u015b\u0107 z solidn\u0105 konstrukcj\u0105 dla wymagaj\u0105cych potrzeb wytwarzania energii.","pdf":"https:\/\/fogo-engines.com\/wp-content\/uploads\/2026\/02\/F0117-0372.pdf","pdf_pl":"https:\/\/fogo-engines.com\/wp-content\/uploads\/2026\/02\/F0117-0372-PL.pdf","dcp":""},"_links":{"self":[{"href":"https:\/\/fogo-engines.com\/pl\/wp-json\/wp\/v2\/product\/218370","targetHints":{"allow":["GET"]}}],"collection":[{"href":"https:\/\/fogo-engines.com\/pl\/wp-json\/wp\/v2\/product"}],"about":[{"href":"https:\/\/fogo-engines.com\/pl\/wp-json\/wp\/v2\/types\/product"}],"wp:attachment":[{"href":"https:\/\/fogo-engines.com\/pl\/wp-json\/wp\/v2\/media?parent=218370"}],"curies":[{"name":"wp","href":"https:\/\/api.w.org\/{rel}","templated":true}]}}