{"id":218376,"date":"2026-02-12T10:16:34","date_gmt":"2026-02-12T10:16:34","guid":{"rendered":"https:\/\/fogo.nowestronyinternetowe.pl\/product\/f0281-0913\/"},"modified":"2026-02-01T17:07:20","modified_gmt":"2026-02-01T17:07:20","slug":"f0281-0913","status":"publish","type":"product","link":"https:\/\/fogo-engines.com\/pl\/product\/f0281-0913\/","title":{"rendered":"F0281-0913"},"content":{"rendered":"","protected":false},"featured_media":0,"template":"","class_list":["post-218376","product","type-product","status-publish","hentry"],"acf":[],"meta_box":{"engine_model":"F0281-0913","Number_of_cylinders":"6","configuration":"Pionowy, rz\u0119dowy","aspiration":"Turbodo\u0142adowany z ch\u0142odnic\u0105 mi\u0119dzystopniow\u0105","combustion_system":"Wtrysk bezpo\u015bredni","compression_ratio":"14:1","bore_mm":"175","stroke_mm":"195","displacement_l":"28.14","rotation":"Przeciwnie do ruchu wskaz\u00f3wek zegara (patrz\u0105c od strony ko\u0142a zamachowego)","fuel_system":"Elektroniczne pompowtryskiwacze","governor":"Elektroniczny","stability_at_constant_load_iso_8528_5_class_g3":"\u2264 +\/- 0.5 %","5060Hzswitchableoperation":"NO","Electricsystemnegativeground":"24V","tropical_radiator_mounted_on_the_engine":"Temperatura otoczenia 50\u00b0C","flywheel_housing_flywheel":"SAE0 \/18\"","lubrication_oil_capacity_l":"115","coolant_capacity_l":"165","emission_class":"Stage III","gross_engine_output_50hz_prp_kwm":"815","gross_engine_output_50hz_esp_kwm":"897","typical_generator_output_50hz_prp_kwe":"730","typical_generator_output_50hz_prp_kva":"913","typical_generator_output_50hz_esp_kva":"1000","hvo_synthetic_fuel_acceptance":"Akceptacja paliwa syntetycznego HVO","fuel_consumption_standby_esp_g_kwh":"212.9","fuel_consumption_standby_esp_l_h":"212.9","fuel_consumption_prime_prp_g_kwh":"196.9","fuel_consumption_prime_prp_l_h":"192.2","fuel_consumption_75_prp_prime_g_kwh":"194.4","fuel_consumption_75_prp_prime_l_h":"142.3","fuel_consumption_50_prp_prime_g_kwh":"196.9","fuel_consumption_50_prp_prime_l_h":"96.3","Mainfeatures":"<p>\u2713 Kompaktowa konstrukcja<br>\u2713 Dobra g\u0119sto\u015b\u0107 mocy<br>\u2713 Dobra akceptacja obci\u0105\u017cenia<br>\u2713 Trwa\u0142o\u015b\u0107<br>\u2713 \u0141atwa obs\u0142uga i konserwacja<br>\u2713 Niskie zu\u017cycie paliwa<br>\u2713 Szeroki wyb\u00f3r wyposa\u017cenia opcjonalnego<br>\u2713 Niski poziom ha\u0142asu<br>\u2713 Dostosowany zestaw ch\u0142odz\u0105cy<\/p>\n","standard_scope_of_supply":"<p>\u2713 \u017beliwny blok cylindr\u00f3w z oddzieln\u0105 \u017celiwn\u0105 g\u0142owic\u0105<br>\u2713 T\u0142oki ze stopu aluminium z galeryjnym ch\u0142odzeniem oleju<br>\u2713 Automatyczny napinacz paska, podno\u015bniki, sta\u0142e zawieszenie przednie<br>\u2713 Ch\u0142odnica z mechanicznym wentylatorem popychacza, sterowana termostatycznie<br>\u2713 Miska olejowa o du\u017cej pojemno\u015bci, obrotowy filtr oleju o pe\u0142nym przep\u0142ywie, bagnet oleju<br>\u2713 Elektroniczne pompowtryskiwacze, elektroniczny regulator<br>\u2713 Podw\u00f3jny filtr paliwa z separatorem wody<br>\u2713 Podgrzewacz wlotu powietrza<br>\u2713 Turbospr\u0119\u017carka montowana z boku<br>\u2713 Tylny i g\u00f3rny filtr powietrza ze wska\u017anikiem ograniczenia przep\u0142ywu \u2713 Turbospr\u0119\u017carka montowana z ty\u0142u \u2713 Turbospr\u0119\u017carka montowana z boku \u2713 Tylny i g\u00f3rny filtr powietrza g\u00f3rny filtr powietrza ze wska\u017anikiem ograniczenia<br>\u2713 Uk\u0142ad elektryczny 24V DC z dwoma rozrusznikami 7.5kW ka\u017cdy<br>\u2713 Alternator \u0142aduj\u0105cy 70A<br>\u2713 Izolowany termicznie kolektor wydechowy<\/p>\n","length_mm":"2817","width_mm":"1750","height_mm":"1992","weight_kg":"3810","main_image":{"width":150,"height":150,"file":"2025\/12\/D1000R3-EP-TA-628_1.png","filesize":1191293,"sizes":{"medium":{"file":"D1000R3-EP-TA-628_1-300x211.png","width":300,"height":211,"mime-type":"image\/png","filesize":44008,"url":"https:\/\/fogo-engines.com\/wp-content\/uploads\/2025\/12\/D1000R3-EP-TA-628_1-300x211.png"},"large":{"file":"D1000R3-EP-TA-628_1-1024x720.png","width":1024,"height":720,"mime-type":"image\/png","filesize":434405,"url":"https:\/\/fogo-engines.com\/wp-content\/uploads\/2025\/12\/D1000R3-EP-TA-628_1-1024x720.png"},"thumbnail":{"file":"D1000R3-EP-TA-628_1-150x150.png","width":150,"height":150,"mime-type":"image\/png","filesize":21262,"url":"https:\/\/fogo-engines.com\/wp-content\/uploads\/2025\/12\/D1000R3-EP-TA-628_1-150x150.png"},"medium_large":{"file":"D1000R3-EP-TA-628_1-768x540.png","width":768,"height":540,"mime-type":"image\/png","filesize":253017,"url":"https:\/\/fogo-engines.com\/wp-content\/uploads\/2025\/12\/D1000R3-EP-TA-628_1-768x540.png"},"1536x1536":{"file":"D1000R3-EP-TA-628_1-1536x1080.png","width":1536,"height":1080,"mime-type":"image\/png","filesize":880674,"url":"https:\/\/fogo-engines.com\/wp-content\/uploads\/2025\/12\/D1000R3-EP-TA-628_1-1536x1080.png"}},"image_meta":{"aperture":"0","credit":"","camera":"","caption":"","created_timestamp":"0","copyright":"","focal_length":"0","iso":"0","shutter_speed":"0","title":"","orientation":"0","keywords":[]},"ID":"217881","name":"D1000R3-EP-TA-628_1.png","path":"\/autoinstalator\/wordpress\/wp-content\/uploads\/2025\/12\/D1000R3-EP-TA-628_1.png","url":"https:\/\/fogo-engines.com\/wp-content\/uploads\/2025\/12\/D1000R3-EP-TA-628_1-150x150.png","full_url":"https:\/\/fogo-engines.com\/wp-content\/uploads\/2025\/12\/D1000R3-EP-TA-628_1.png","title":"D1000R3-EP-TA-628_1.png","caption":"","description":"","alt":"","srcset":false},"dimension":{"width":150,"height":150,"file":"2026\/02\/dimension-single_transparent-1.png","filesize":563704,"sizes":{"medium":{"file":"dimension-single_transparent-1-300x134.png","width":300,"height":134,"mime-type":"image\/png","filesize":58467,"url":"https:\/\/fogo-engines.com\/wp-content\/uploads\/2026\/02\/dimension-single_transparent-1-300x134.png"},"large":{"file":"dimension-single_transparent-1-1024x456.png","width":1024,"height":456,"mime-type":"image\/png","filesize":456208,"url":"https:\/\/fogo-engines.com\/wp-content\/uploads\/2026\/02\/dimension-single_transparent-1-1024x456.png"},"thumbnail":{"file":"dimension-single_transparent-1-150x150.png","width":150,"height":150,"mime-type":"image\/png","filesize":35095,"url":"https:\/\/fogo-engines.com\/wp-content\/uploads\/2026\/02\/dimension-single_transparent-1-150x150.png"},"medium_large":{"file":"dimension-single_transparent-1-768x342.png","width":768,"height":342,"mime-type":"image\/png","filesize":287076,"url":"https:\/\/fogo-engines.com\/wp-content\/uploads\/2026\/02\/dimension-single_transparent-1-768x342.png"}},"image_meta":{"aperture":"0","credit":"","camera":"","caption":"","created_timestamp":"0","copyright":"","focal_length":"0","iso":"0","shutter_speed":"0","title":"","orientation":"0","keywords":[]},"ID":"218599","name":"dimension-single_transparent-1.png","path":"\/autoinstalator\/wordpress\/wp-content\/uploads\/2026\/02\/dimension-single_transparent-1.png","url":"https:\/\/fogo-engines.com\/wp-content\/uploads\/2026\/02\/dimension-single_transparent-1-150x150.png","full_url":"https:\/\/fogo-engines.com\/wp-content\/uploads\/2026\/02\/dimension-single_transparent-1.png","title":"dimension-single_transparent-1.png","caption":"","description":"","alt":"","srcset":false},"emission_class_filter":"3","fuel":"Diesel","gallery":[{"width":150,"height":150,"file":"2025\/12\/D1000R3-EP-TA-628_1.png","filesize":1191293,"sizes":{"medium":{"file":"D1000R3-EP-TA-628_1-300x211.png","width":300,"height":211,"mime-type":"image\/png","filesize":44008,"url":"https:\/\/fogo-engines.com\/wp-content\/uploads\/2025\/12\/D1000R3-EP-TA-628_1-300x211.png"},"large":{"file":"D1000R3-EP-TA-628_1-1024x720.png","width":1024,"height":720,"mime-type":"image\/png","filesize":434405,"url":"https:\/\/fogo-engines.com\/wp-content\/uploads\/2025\/12\/D1000R3-EP-TA-628_1-1024x720.png"},"thumbnail":{"file":"D1000R3-EP-TA-628_1-150x150.png","width":150,"height":150,"mime-type":"image\/png","filesize":21262,"url":"https:\/\/fogo-engines.com\/wp-content\/uploads\/2025\/12\/D1000R3-EP-TA-628_1-150x150.png"},"medium_large":{"file":"D1000R3-EP-TA-628_1-768x540.png","width":768,"height":540,"mime-type":"image\/png","filesize":253017,"url":"https:\/\/fogo-engines.com\/wp-content\/uploads\/2025\/12\/D1000R3-EP-TA-628_1-768x540.png"},"1536x1536":{"file":"D1000R3-EP-TA-628_1-1536x1080.png","width":1536,"height":1080,"mime-type":"image\/png","filesize":880674,"url":"https:\/\/fogo-engines.com\/wp-content\/uploads\/2025\/12\/D1000R3-EP-TA-628_1-1536x1080.png"}},"image_meta":{"aperture":"0","credit":"","camera":"","caption":"","created_timestamp":"0","copyright":"","focal_length":"0","iso":"0","shutter_speed":"0","title":"","orientation":"0","keywords":[]},"ID":"217881","name":"D1000R3-EP-TA-628_1.png","path":"\/autoinstalator\/wordpress\/wp-content\/uploads\/2025\/12\/D1000R3-EP-TA-628_1.png","url":"https:\/\/fogo-engines.com\/wp-content\/uploads\/2025\/12\/D1000R3-EP-TA-628_1-150x150.png","full_url":"https:\/\/fogo-engines.com\/wp-content\/uploads\/2025\/12\/D1000R3-EP-TA-628_1.png","title":"D1000R3-EP-TA-628_1.png","caption":"","description":"","alt":"","srcset":false},{"width":150,"height":150,"file":"2025\/12\/D1000R3-EP-TA-628_2.png","filesize":1192135,"sizes":{"medium":{"file":"D1000R3-EP-TA-628_2-300x211.png","width":300,"height":211,"mime-type":"image\/png","filesize":49585,"url":"https:\/\/fogo-engines.com\/wp-content\/uploads\/2025\/12\/D1000R3-EP-TA-628_2-300x211.png"},"large":{"file":"D1000R3-EP-TA-628_2-1024x720.png","width":1024,"height":720,"mime-type":"image\/png","filesize":467704,"url":"https:\/\/fogo-engines.com\/wp-content\/uploads\/2025\/12\/D1000R3-EP-TA-628_2-1024x720.png"},"thumbnail":{"file":"D1000R3-EP-TA-628_2-150x150.png","width":150,"height":150,"mime-type":"image\/png","filesize":24232,"url":"https:\/\/fogo-engines.com\/wp-content\/uploads\/2025\/12\/D1000R3-EP-TA-628_2-150x150.png"},"medium_large":{"file":"D1000R3-EP-TA-628_2-768x540.png","width":768,"height":540,"mime-type":"image\/png","filesize":277029,"url":"https:\/\/fogo-engines.com\/wp-content\/uploads\/2025\/12\/D1000R3-EP-TA-628_2-768x540.png"},"1536x1536":{"file":"D1000R3-EP-TA-628_2-1536x1080.png","width":1536,"height":1080,"mime-type":"image\/png","filesize":922798,"url":"https:\/\/fogo-engines.com\/wp-content\/uploads\/2025\/12\/D1000R3-EP-TA-628_2-1536x1080.png"}},"image_meta":{"aperture":"0","credit":"","camera":"","caption":"","created_timestamp":"0","copyright":"","focal_length":"0","iso":"0","shutter_speed":"0","title":"","orientation":"0","keywords":[]},"ID":"217883","name":"D1000R3-EP-TA-628_2.png","path":"\/autoinstalator\/wordpress\/wp-content\/uploads\/2025\/12\/D1000R3-EP-TA-628_2.png","url":"https:\/\/fogo-engines.com\/wp-content\/uploads\/2025\/12\/D1000R3-EP-TA-628_2-150x150.png","full_url":"https:\/\/fogo-engines.com\/wp-content\/uploads\/2025\/12\/D1000R3-EP-TA-628_2.png","title":"D1000R3-EP-TA-628_2.png","caption":"","description":"","alt":"","srcset":false},{"width":150,"height":150,"file":"2025\/12\/D1000R3-EP-TA-628_3.png","filesize":1233338,"sizes":{"medium":{"file":"D1000R3-EP-TA-628_3-300x211.png","width":300,"height":211,"mime-type":"image\/png","filesize":54033,"url":"https:\/\/fogo-engines.com\/wp-content\/uploads\/2025\/12\/D1000R3-EP-TA-628_3-300x211.png"},"large":{"file":"D1000R3-EP-TA-628_3-1024x720.png","width":1024,"height":720,"mime-type":"image\/png","filesize":500942,"url":"https:\/\/fogo-engines.com\/wp-content\/uploads\/2025\/12\/D1000R3-EP-TA-628_3-1024x720.png"},"thumbnail":{"file":"D1000R3-EP-TA-628_3-150x150.png","width":150,"height":150,"mime-type":"image\/png","filesize":27725,"url":"https:\/\/fogo-engines.com\/wp-content\/uploads\/2025\/12\/D1000R3-EP-TA-628_3-150x150.png"},"medium_large":{"file":"D1000R3-EP-TA-628_3-768x540.png","width":768,"height":540,"mime-type":"image\/png","filesize":300265,"url":"https:\/\/fogo-engines.com\/wp-content\/uploads\/2025\/12\/D1000R3-EP-TA-628_3-768x540.png"},"1536x1536":{"file":"D1000R3-EP-TA-628_3-1536x1080.png","width":1536,"height":1080,"mime-type":"image\/png","filesize":976458,"url":"https:\/\/fogo-engines.com\/wp-content\/uploads\/2025\/12\/D1000R3-EP-TA-628_3-1536x1080.png"}},"image_meta":{"aperture":"0","credit":"","camera":"","caption":"","created_timestamp":"0","copyright":"","focal_length":"0","iso":"0","shutter_speed":"0","title":"","orientation":"0","keywords":[]},"ID":"217885","name":"D1000R3-EP-TA-628_3.png","path":"\/autoinstalator\/wordpress\/wp-content\/uploads\/2025\/12\/D1000R3-EP-TA-628_3.png","url":"https:\/\/fogo-engines.com\/wp-content\/uploads\/2025\/12\/D1000R3-EP-TA-628_3-150x150.png","full_url":"https:\/\/fogo-engines.com\/wp-content\/uploads\/2025\/12\/D1000R3-EP-TA-628_3.png","title":"D1000R3-EP-TA-628_3.png","caption":"","description":"","alt":"","srcset":false},{"width":150,"height":150,"file":"2025\/12\/D1000R3-EP-TA-628_4.png","filesize":1213820,"sizes":{"medium":{"file":"D1000R3-EP-TA-628_4-300x211.png","width":300,"height":211,"mime-type":"image\/png","filesize":46578,"url":"https:\/\/fogo-engines.com\/wp-content\/uploads\/2025\/12\/D1000R3-EP-TA-628_4-300x211.png"},"large":{"file":"D1000R3-EP-TA-628_4-1024x720.png","width":1024,"height":720,"mime-type":"image\/png","filesize":448248,"url":"https:\/\/fogo-engines.com\/wp-content\/uploads\/2025\/12\/D1000R3-EP-TA-628_4-1024x720.png"},"thumbnail":{"file":"D1000R3-EP-TA-628_4-150x150.png","width":150,"height":150,"mime-type":"image\/png","filesize":22608,"url":"https:\/\/fogo-engines.com\/wp-content\/uploads\/2025\/12\/D1000R3-EP-TA-628_4-150x150.png"},"medium_large":{"file":"D1000R3-EP-TA-628_4-768x540.png","width":768,"height":540,"mime-type":"image\/png","filesize":262582,"url":"https:\/\/fogo-engines.com\/wp-content\/uploads\/2025\/12\/D1000R3-EP-TA-628_4-768x540.png"},"1536x1536":{"file":"D1000R3-EP-TA-628_4-1536x1080.png","width":1536,"height":1080,"mime-type":"image\/png","filesize":904953,"url":"https:\/\/fogo-engines.com\/wp-content\/uploads\/2025\/12\/D1000R3-EP-TA-628_4-1536x1080.png"}},"image_meta":{"aperture":"0","credit":"","camera":"","caption":"","created_timestamp":"0","copyright":"","focal_length":"0","iso":"0","shutter_speed":"0","title":"","orientation":"0","keywords":[]},"ID":"217887","name":"D1000R3-EP-TA-628_4.png","path":"\/autoinstalator\/wordpress\/wp-content\/uploads\/2025\/12\/D1000R3-EP-TA-628_4.png","url":"https:\/\/fogo-engines.com\/wp-content\/uploads\/2025\/12\/D1000R3-EP-TA-628_4-150x150.png","full_url":"https:\/\/fogo-engines.com\/wp-content\/uploads\/2025\/12\/D1000R3-EP-TA-628_4.png","title":"D1000R3-EP-TA-628_4.png","caption":"","description":"","alt":"","srcset":false}],"description":"Zaprojektowany z my\u015bl\u0105 o doskona\u0142ej wydajno\u015bci, model F0281-0913 zapewnia 730 kWe mocy maksymalnej dzi\u0119ki zaawansowanej technologii turbodo\u0142adowania. Ten 6-cylindrowy silnik wysokopr\u0119\u017cny o pojemno\u015bci 28,14 l \u0142\u0105czy w sobie wysok\u0105 wydajno\u015b\u0107 z solidn\u0105 konstrukcj\u0105 dla wymagaj\u0105cych potrzeb wytwarzania energii.","pdf":"https:\/\/fogo-engines.com\/wp-content\/uploads\/2026\/02\/F0281-0913.pdf","pdf_pl":"https:\/\/fogo-engines.com\/wp-content\/uploads\/2026\/02\/F0281-0913-PL.pdf","dcp":"YES"},"_links":{"self":[{"href":"https:\/\/fogo-engines.com\/pl\/wp-json\/wp\/v2\/product\/218376","targetHints":{"allow":["GET"]}}],"collection":[{"href":"https:\/\/fogo-engines.com\/pl\/wp-json\/wp\/v2\/product"}],"about":[{"href":"https:\/\/fogo-engines.com\/pl\/wp-json\/wp\/v2\/types\/product"}],"wp:attachment":[{"href":"https:\/\/fogo-engines.com\/pl\/wp-json\/wp\/v2\/media?parent=218376"}],"curies":[{"name":"wp","href":"https:\/\/api.w.org\/{rel}","templated":true}]}}