{"id":218377,"date":"2026-02-12T10:16:34","date_gmt":"2026-02-12T10:16:34","guid":{"rendered":"https:\/\/fogo.nowestronyinternetowe.pl\/product\/f0281-0813\/"},"modified":"2026-02-01T17:07:36","modified_gmt":"2026-02-01T17:07:36","slug":"f0281-0813","status":"publish","type":"product","link":"https:\/\/fogo-engines.com\/pl\/product\/f0281-0813\/","title":{"rendered":"F0281-0813"},"content":{"rendered":"","protected":false},"featured_media":0,"template":"","class_list":["post-218377","product","type-product","status-publish","hentry"],"acf":[],"meta_box":{"engine_model":"F0281-0813","Number_of_cylinders":"6","configuration":"Pionowy, rz\u0119dowy","aspiration":"Turbodo\u0142adowany z ch\u0142odnic\u0105 mi\u0119dzystopniow\u0105","combustion_system":"Wtrysk bezpo\u015bredni","compression_ratio":"14:1","bore_mm":"175","stroke_mm":"195","displacement_l":"28.14","rotation":"Przeciwnie do ruchu wskaz\u00f3wek zegara (patrz\u0105c od strony ko\u0142a zamachowego)","fuel_system":"Elektroniczne pompowtryskiwacze","governor":"Elektroniczny","stability_at_constant_load_iso_8528_5_class_g3":"\u2264 +\/- 0.5 %","5060Hzswitchableoperation":"NO","Electricsystemnegativeground":"24V","tropical_radiator_mounted_on_the_engine":"Temperatura otoczenia 50\u00b0C","flywheel_housing_flywheel":"SAE0 \/18\"","lubrication_oil_capacity_l":"115","coolant_capacity_l":"165","emission_class":"Stage III","gross_engine_output_50hz_prp_kwm":"715","gross_engine_output_50hz_esp_kwm":"787","typical_generator_output_50hz_prp_kwe":"650","typical_generator_output_50hz_prp_kva":"813","typical_generator_output_50hz_esp_kva":"900","hvo_synthetic_fuel_acceptance":"Akceptacja paliwa syntetycznego HVO","fuel_consumption_standby_esp_g_kwh":"187.5","fuel_consumption_standby_esp_l_h":"187.5","fuel_consumption_prime_prp_g_kwh":"197.3","fuel_consumption_prime_prp_l_h":"168.9","fuel_consumption_75_prp_prime_g_kwh":"195.8","fuel_consumption_75_prp_prime_l_h":"125.8","fuel_consumption_50_prp_prime_g_kwh":"203.0","fuel_consumption_50_prp_prime_l_h":"86.9","Mainfeatures":"<p>\u2713 Kompaktowa konstrukcja<br>\u2713 Dobra g\u0119sto\u015b\u0107 mocy<br>\u2713 Dobra akceptacja obci\u0105\u017cenia<br>\u2713 Trwa\u0142o\u015b\u0107<br>\u2713 \u0141atwa obs\u0142uga i konserwacja<br>\u2713 Niskie zu\u017cycie paliwa<br>\u2713 Szeroki wyb\u00f3r wyposa\u017cenia opcjonalnego<br>\u2713 Niski poziom ha\u0142asu<br>\u2713 Dostosowany zestaw ch\u0142odz\u0105cy<\/p>\n","standard_scope_of_supply":"<p>\u2713 \u017beliwny blok cylindr\u00f3w c\/w oddzielna \u017celiwna g\u0142owica cylindr\u00f3w<br>\u2713 T\u0142oki ze stopu aluminium z galeryjnym ch\u0142odzeniem oleju<br>\u2713 Automatyczny napinacz paska, unoszone oczka, sta\u0142e przednie zawieszenie<br>\u2713 Ch\u0142odnica zamontowana na silniku z mechanicznym wentylatorem popychacza, sterowana termostatycznie<br>\u2713 Miska olejowa o du\u017cej pojemno\u015bci, obrotowy filtr oleju o pe\u0142nym przep\u0142ywie, bagnet oleju<br>\u2713 Pompa wtryskowa paliwa o wysokim ci\u015bnieniu wtrysku, wtryskiwacze typu P<br>\u2713 Podw\u00f3jny filtr dok\u0142adnego oczyszczania paliwa z separatorem wody<br>\u2713 Podgrzewacz wlotu powietrza<br>\u2713 Filtr powietrza montowany z ty\u0142u ze wska\u017anikiem oporu<br>\u2713 Instalacja elektryczna 12 V DC z rozrusznikiem 3.7kW<br>\u2713 Alternator \u0142aduj\u0105cy 35A<br>\u2713 Izolowany termicznie kolektor wydechowy<\/p>\n","length_mm":"2817","width_mm":"1750","height_mm":"1992","weight_kg":"3810","main_image":{"width":150,"height":150,"file":"2025\/12\/D900R3-EP-TA-628_1.png","filesize":1201344,"sizes":{"medium":{"file":"D900R3-EP-TA-628_1-300x211.png","width":300,"height":211,"mime-type":"image\/png","filesize":44340,"url":"https:\/\/fogo-engines.com\/wp-content\/uploads\/2025\/12\/D900R3-EP-TA-628_1-300x211.png"},"large":{"file":"D900R3-EP-TA-628_1-1024x720.png","width":1024,"height":720,"mime-type":"image\/png","filesize":438607,"url":"https:\/\/fogo-engines.com\/wp-content\/uploads\/2025\/12\/D900R3-EP-TA-628_1-1024x720.png"},"thumbnail":{"file":"D900R3-EP-TA-628_1-150x150.png","width":150,"height":150,"mime-type":"image\/png","filesize":21512,"url":"https:\/\/fogo-engines.com\/wp-content\/uploads\/2025\/12\/D900R3-EP-TA-628_1-150x150.png"},"medium_large":{"file":"D900R3-EP-TA-628_1-768x540.png","width":768,"height":540,"mime-type":"image\/png","filesize":255787,"url":"https:\/\/fogo-engines.com\/wp-content\/uploads\/2025\/12\/D900R3-EP-TA-628_1-768x540.png"},"1536x1536":{"file":"D900R3-EP-TA-628_1-1536x1080.png","width":1536,"height":1080,"mime-type":"image\/png","filesize":888284,"url":"https:\/\/fogo-engines.com\/wp-content\/uploads\/2025\/12\/D900R3-EP-TA-628_1-1536x1080.png"}},"image_meta":{"aperture":"0","credit":"","camera":"","caption":"","created_timestamp":"0","copyright":"","focal_length":"0","iso":"0","shutter_speed":"0","title":"","orientation":"0","keywords":[]},"ID":"217873","name":"D900R3-EP-TA-628_1.png","path":"\/autoinstalator\/wordpress\/wp-content\/uploads\/2025\/12\/D900R3-EP-TA-628_1.png","url":"https:\/\/fogo-engines.com\/wp-content\/uploads\/2025\/12\/D900R3-EP-TA-628_1-150x150.png","full_url":"https:\/\/fogo-engines.com\/wp-content\/uploads\/2025\/12\/D900R3-EP-TA-628_1.png","title":"D900R3-EP-TA-628_1.png","caption":"","description":"","alt":"","srcset":false},"dimension":{"width":150,"height":150,"file":"2026\/02\/dimension-single_transparent-1.png","filesize":563704,"sizes":{"medium":{"file":"dimension-single_transparent-1-300x134.png","width":300,"height":134,"mime-type":"image\/png","filesize":58467,"url":"https:\/\/fogo-engines.com\/wp-content\/uploads\/2026\/02\/dimension-single_transparent-1-300x134.png"},"large":{"file":"dimension-single_transparent-1-1024x456.png","width":1024,"height":456,"mime-type":"image\/png","filesize":456208,"url":"https:\/\/fogo-engines.com\/wp-content\/uploads\/2026\/02\/dimension-single_transparent-1-1024x456.png"},"thumbnail":{"file":"dimension-single_transparent-1-150x150.png","width":150,"height":150,"mime-type":"image\/png","filesize":35095,"url":"https:\/\/fogo-engines.com\/wp-content\/uploads\/2026\/02\/dimension-single_transparent-1-150x150.png"},"medium_large":{"file":"dimension-single_transparent-1-768x342.png","width":768,"height":342,"mime-type":"image\/png","filesize":287076,"url":"https:\/\/fogo-engines.com\/wp-content\/uploads\/2026\/02\/dimension-single_transparent-1-768x342.png"}},"image_meta":{"aperture":"0","credit":"","camera":"","caption":"","created_timestamp":"0","copyright":"","focal_length":"0","iso":"0","shutter_speed":"0","title":"","orientation":"0","keywords":[]},"ID":"218599","name":"dimension-single_transparent-1.png","path":"\/autoinstalator\/wordpress\/wp-content\/uploads\/2026\/02\/dimension-single_transparent-1.png","url":"https:\/\/fogo-engines.com\/wp-content\/uploads\/2026\/02\/dimension-single_transparent-1-150x150.png","full_url":"https:\/\/fogo-engines.com\/wp-content\/uploads\/2026\/02\/dimension-single_transparent-1.png","title":"dimension-single_transparent-1.png","caption":"","description":"","alt":"","srcset":false},"emission_class_filter":"3","fuel":"Diesel","gallery":[{"width":150,"height":150,"file":"2025\/12\/D900R3-EP-TA-628_1.png","filesize":1201344,"sizes":{"medium":{"file":"D900R3-EP-TA-628_1-300x211.png","width":300,"height":211,"mime-type":"image\/png","filesize":44340,"url":"https:\/\/fogo-engines.com\/wp-content\/uploads\/2025\/12\/D900R3-EP-TA-628_1-300x211.png"},"large":{"file":"D900R3-EP-TA-628_1-1024x720.png","width":1024,"height":720,"mime-type":"image\/png","filesize":438607,"url":"https:\/\/fogo-engines.com\/wp-content\/uploads\/2025\/12\/D900R3-EP-TA-628_1-1024x720.png"},"thumbnail":{"file":"D900R3-EP-TA-628_1-150x150.png","width":150,"height":150,"mime-type":"image\/png","filesize":21512,"url":"https:\/\/fogo-engines.com\/wp-content\/uploads\/2025\/12\/D900R3-EP-TA-628_1-150x150.png"},"medium_large":{"file":"D900R3-EP-TA-628_1-768x540.png","width":768,"height":540,"mime-type":"image\/png","filesize":255787,"url":"https:\/\/fogo-engines.com\/wp-content\/uploads\/2025\/12\/D900R3-EP-TA-628_1-768x540.png"},"1536x1536":{"file":"D900R3-EP-TA-628_1-1536x1080.png","width":1536,"height":1080,"mime-type":"image\/png","filesize":888284,"url":"https:\/\/fogo-engines.com\/wp-content\/uploads\/2025\/12\/D900R3-EP-TA-628_1-1536x1080.png"}},"image_meta":{"aperture":"0","credit":"","camera":"","caption":"","created_timestamp":"0","copyright":"","focal_length":"0","iso":"0","shutter_speed":"0","title":"","orientation":"0","keywords":[]},"ID":"217873","name":"D900R3-EP-TA-628_1.png","path":"\/autoinstalator\/wordpress\/wp-content\/uploads\/2025\/12\/D900R3-EP-TA-628_1.png","url":"https:\/\/fogo-engines.com\/wp-content\/uploads\/2025\/12\/D900R3-EP-TA-628_1-150x150.png","full_url":"https:\/\/fogo-engines.com\/wp-content\/uploads\/2025\/12\/D900R3-EP-TA-628_1.png","title":"D900R3-EP-TA-628_1.png","caption":"","description":"","alt":"","srcset":false},{"width":150,"height":150,"file":"2025\/12\/D900R3-EP-TA-628_2.png","filesize":1203286,"sizes":{"medium":{"file":"D900R3-EP-TA-628_2-300x211.png","width":300,"height":211,"mime-type":"image\/png","filesize":49984,"url":"https:\/\/fogo-engines.com\/wp-content\/uploads\/2025\/12\/D900R3-EP-TA-628_2-300x211.png"},"large":{"file":"D900R3-EP-TA-628_2-1024x720.png","width":1024,"height":720,"mime-type":"image\/png","filesize":472817,"url":"https:\/\/fogo-engines.com\/wp-content\/uploads\/2025\/12\/D900R3-EP-TA-628_2-1024x720.png"},"thumbnail":{"file":"D900R3-EP-TA-628_2-150x150.png","width":150,"height":150,"mime-type":"image\/png","filesize":24561,"url":"https:\/\/fogo-engines.com\/wp-content\/uploads\/2025\/12\/D900R3-EP-TA-628_2-150x150.png"},"medium_large":{"file":"D900R3-EP-TA-628_2-768x540.png","width":768,"height":540,"mime-type":"image\/png","filesize":280546,"url":"https:\/\/fogo-engines.com\/wp-content\/uploads\/2025\/12\/D900R3-EP-TA-628_2-768x540.png"},"1536x1536":{"file":"D900R3-EP-TA-628_2-1536x1080.png","width":1536,"height":1080,"mime-type":"image\/png","filesize":931211,"url":"https:\/\/fogo-engines.com\/wp-content\/uploads\/2025\/12\/D900R3-EP-TA-628_2-1536x1080.png"}},"image_meta":{"aperture":"0","credit":"","camera":"","caption":"","created_timestamp":"0","copyright":"","focal_length":"0","iso":"0","shutter_speed":"0","title":"","orientation":"0","keywords":[]},"ID":"217875","name":"D900R3-EP-TA-628_2.png","path":"\/autoinstalator\/wordpress\/wp-content\/uploads\/2025\/12\/D900R3-EP-TA-628_2.png","url":"https:\/\/fogo-engines.com\/wp-content\/uploads\/2025\/12\/D900R3-EP-TA-628_2-150x150.png","full_url":"https:\/\/fogo-engines.com\/wp-content\/uploads\/2025\/12\/D900R3-EP-TA-628_2.png","title":"D900R3-EP-TA-628_2.png","caption":"","description":"","alt":"","srcset":false},{"width":150,"height":150,"file":"2025\/12\/D900R3-EP-TA-628_3.png","filesize":1285640,"sizes":{"medium":{"file":"D900R3-EP-TA-628_3-300x211.png","width":300,"height":211,"mime-type":"image\/png","filesize":56505,"url":"https:\/\/fogo-engines.com\/wp-content\/uploads\/2025\/12\/D900R3-EP-TA-628_3-300x211.png"},"large":{"file":"D900R3-EP-TA-628_3-1024x720.png","width":1024,"height":720,"mime-type":"image\/png","filesize":524709,"url":"https:\/\/fogo-engines.com\/wp-content\/uploads\/2025\/12\/D900R3-EP-TA-628_3-1024x720.png"},"thumbnail":{"file":"D900R3-EP-TA-628_3-150x150.png","width":150,"height":150,"mime-type":"image\/png","filesize":28571,"url":"https:\/\/fogo-engines.com\/wp-content\/uploads\/2025\/12\/D900R3-EP-TA-628_3-150x150.png"},"medium_large":{"file":"D900R3-EP-TA-628_3-768x540.png","width":768,"height":540,"mime-type":"image\/png","filesize":315264,"url":"https:\/\/fogo-engines.com\/wp-content\/uploads\/2025\/12\/D900R3-EP-TA-628_3-768x540.png"},"1536x1536":{"file":"D900R3-EP-TA-628_3-1536x1080.png","width":1536,"height":1080,"mime-type":"image\/png","filesize":1018507,"url":"https:\/\/fogo-engines.com\/wp-content\/uploads\/2025\/12\/D900R3-EP-TA-628_3-1536x1080.png"}},"image_meta":{"aperture":"0","credit":"","camera":"","caption":"","created_timestamp":"0","copyright":"","focal_length":"0","iso":"0","shutter_speed":"0","title":"","orientation":"0","keywords":[]},"ID":"217877","name":"D900R3-EP-TA-628_3.png","path":"\/autoinstalator\/wordpress\/wp-content\/uploads\/2025\/12\/D900R3-EP-TA-628_3.png","url":"https:\/\/fogo-engines.com\/wp-content\/uploads\/2025\/12\/D900R3-EP-TA-628_3-150x150.png","full_url":"https:\/\/fogo-engines.com\/wp-content\/uploads\/2025\/12\/D900R3-EP-TA-628_3.png","title":"D900R3-EP-TA-628_3.png","caption":"","description":"","alt":"","srcset":false},{"width":150,"height":150,"file":"2025\/12\/D900R3-EP-TA-628_4.png","filesize":1262714,"sizes":{"medium":{"file":"D900R3-EP-TA-628_4-300x211.png","width":300,"height":211,"mime-type":"image\/png","filesize":48977,"url":"https:\/\/fogo-engines.com\/wp-content\/uploads\/2025\/12\/D900R3-EP-TA-628_4-300x211.png"},"large":{"file":"D900R3-EP-TA-628_4-1024x720.png","width":1024,"height":720,"mime-type":"image\/png","filesize":468694,"url":"https:\/\/fogo-engines.com\/wp-content\/uploads\/2025\/12\/D900R3-EP-TA-628_4-1024x720.png"},"thumbnail":{"file":"D900R3-EP-TA-628_4-150x150.png","width":150,"height":150,"mime-type":"image\/png","filesize":23033,"url":"https:\/\/fogo-engines.com\/wp-content\/uploads\/2025\/12\/D900R3-EP-TA-628_4-150x150.png"},"medium_large":{"file":"D900R3-EP-TA-628_4-768x540.png","width":768,"height":540,"mime-type":"image\/png","filesize":275459,"url":"https:\/\/fogo-engines.com\/wp-content\/uploads\/2025\/12\/D900R3-EP-TA-628_4-768x540.png"},"1536x1536":{"file":"D900R3-EP-TA-628_4-1536x1080.png","width":1536,"height":1080,"mime-type":"image\/png","filesize":943747,"url":"https:\/\/fogo-engines.com\/wp-content\/uploads\/2025\/12\/D900R3-EP-TA-628_4-1536x1080.png"}},"image_meta":{"aperture":"0","credit":"","camera":"","caption":"","created_timestamp":"0","copyright":"","focal_length":"0","iso":"0","shutter_speed":"0","title":"","orientation":"0","keywords":[]},"ID":"217879","name":"D900R3-EP-TA-628_4.png","path":"\/autoinstalator\/wordpress\/wp-content\/uploads\/2025\/12\/D900R3-EP-TA-628_4.png","url":"https:\/\/fogo-engines.com\/wp-content\/uploads\/2025\/12\/D900R3-EP-TA-628_4-150x150.png","full_url":"https:\/\/fogo-engines.com\/wp-content\/uploads\/2025\/12\/D900R3-EP-TA-628_4.png","title":"D900R3-EP-TA-628_4.png","caption":"","description":"","alt":"","srcset":false}],"description":"Zaprojektowany z my\u015bl\u0105 o doskona\u0142ej wydajno\u015bci, model F0281-0813 zapewnia moc 650 kWe dzi\u0119ki zaawansowanej technologii turbodo\u0142adowania. Ten 6-cylindrowy silnik wysokopr\u0119\u017cny o pojemno\u015bci 28,14 l \u0142\u0105czy w sobie wysok\u0105 wydajno\u015b\u0107 z solidn\u0105 konstrukcj\u0105 dla wymagaj\u0105cych potrzeb wytwarzania energii.","pdf":"https:\/\/fogo-engines.com\/wp-content\/uploads\/2026\/02\/F0281-0813.pdf","pdf_pl":"https:\/\/fogo-engines.com\/wp-content\/uploads\/2026\/02\/F0281-0813-PL.pdf","dcp":"YES"},"_links":{"self":[{"href":"https:\/\/fogo-engines.com\/pl\/wp-json\/wp\/v2\/product\/218377","targetHints":{"allow":["GET"]}}],"collection":[{"href":"https:\/\/fogo-engines.com\/pl\/wp-json\/wp\/v2\/product"}],"about":[{"href":"https:\/\/fogo-engines.com\/pl\/wp-json\/wp\/v2\/types\/product"}],"wp:attachment":[{"href":"https:\/\/fogo-engines.com\/pl\/wp-json\/wp\/v2\/media?parent=218377"}],"curies":[{"name":"wp","href":"https:\/\/api.w.org\/{rel}","templated":true}]}}